{"id":22171,"date":"2020-04-11T13:40:40","date_gmt":"2020-04-11T11:40:40","guid":{"rendered":"https:\/\/feedyou.ai\/?page_id=20685"},"modified":"2025-03-29T08:02:12","modified_gmt":"2025-03-29T07:02:12","slug":"novinky","status":"publish","type":"page","link":"https:\/\/feedyou.ai\/cs\/novinky\/","title":{"rendered":"Nejnov\u011bj\u0161\u00ed informace ze sv\u011bta Feedyou | Feedyou"},"content":{"rendered":"<div class=\"wpb-content-wrapper\"><p>[vc_section el_class=&#8220;vc_section-fullwidth section-padding&#8220;][vc_row][vc_column width=&#8220;1\/6&#8243; offset=&#8220;vc_hidden-xs&#8220;][\/vc_column][vc_column width=&#8220;2\/3&#8243;][vc_column_text css_animation=&#8220;none&#8220;]<\/p>\n<h1 style=\"text-align: center;\"><span class=\"h-dashiell\">Nejnov\u011bj\u0161\u00ed informace z<\/span><span class=\"h-filson\">&nbsp;Feedyou<\/span><\/h1>\n<p>[\/vc_column_text][vc_column_text el_class=&#8220;hero-section_p&#8220;]<\/p>\n<p style=\"text-align: center;\">Bu\u010fte v&nbsp;obraze d\u00edky novink\u00e1m a&nbsp;trend\u016fm z&nbsp;oblasti chatbot\u016f, voicebot\u016f a&nbsp;informac\u00edm z&nbsp;na\u0161\u00ed komunika\u010dn\u00ed d\u00edlny.<\/p>\n<p>[\/vc_column_text][\/vc_column][vc_column width=&#8220;1\/6&#8243;][vc_single_image image=&#8220;28978&#8243; img_size=&#8220;full&#8220; el_class=&#8220;fy-emoji&#8220;][\/vc_column][\/vc_row][\/vc_section][vc_section disable_element=&#8220;yes&#8220; el_class=&#8220;vc_section-fullwidth blog-post-image blog-post-row&#8220;][vc_row][vc_column width=&#8220;1\/3&#8243;][vc_single_image image=&#8220;33492&#8243; img_size=&#8220;full&#8220; onclick=&#8220;custom_link&#8220; link=&#8220;https:\/\/feedyou.ai\/cs\/novinky\/jak-navrhnout-uspesneho-chatbota\/&#8220;][vc_column_text el_class=&#8220;blog-post-title&#8220;]<\/p>\n<h3><a href=\"https:\/\/feedyou.ai\/cs\/novinky\/jak-navrhnout-uspesneho-chatbota\/\">Jak navrhnout \u00fasp\u011b\u0161n\u00e9ho chatbota<\/a><\/h3>\n<p>[\/vc_column_text][vc_column_text el_class=&#8220;blog-post-text&#8220;]<a href=\"https:\/\/feedyou.ai\/cs\/novinky\/jak-navrhnout-uspesneho-chatbota\/\">Od jm\u00e9na a\u017e po unik\u00e1tn\u00ed komunika\u010dn\u00ed styl. P\u0159e\u010dt\u011bte si na\u0161ich 5&nbsp;tip\u016f ke tvorb\u011b \u00fasp\u011b\u0161n\u00fdch a&nbsp;nezapomenuteln\u00fdch chatbot\u016f.<\/a>[\/vc_column_text][\/vc_column][vc_column width=&#8220;1\/3&#8243;][vc_single_image image=&#8220;33175&#8243; img_size=&#8220;full&#8220; onclick=&#8220;custom_link&#8220; link=&#8220;https:\/\/feedyou.ai\/cs\/novinky\/5-tipu-voicebot-prichozi-linka\/&#8220;][vc_column_text el_class=&#8220;blog-post-title&#8220;]<\/p>\n<h3><a href=\"https:\/\/feedyou.ai\/cs\/novinky\/5-tipu-voicebot-prichozi-linka\/\" rel=\"noopener\">5 tip\u016f, jak v\u00e1m m\u016f\u017ee voicebot pomoci na p\u0159\u00edchoz\u00ed lince<\/a><\/h3>\n<p>[\/vc_column_text][vc_column_text el_class=&#8220;blog-post-text&#8220;]<a href=\"https:\/\/feedyou.ai\/cs\/novinky\/5-tipu-voicebot-prichozi-linka\/\">Voiceboti \u0161et\u0159\u00ed v\u00e1\u0161 \u010das i&nbsp;pen\u00edze. P\u0159in\u00e1\u0161\u00ed zlep\u0161en\u00ed z\u00e1kaznick\u00e9 zku\u0161enosti, personalizaci slu\u017eeb a&nbsp;automatizuje \u0159adu proces\u016f.<\/a>[\/vc_column_text][\/vc_column][vc_column width=&#8220;1\/3&#8243;][vc_single_image image=&#8220;32313&#8243; img_size=&#8220;full&#8220; onclick=&#8220;custom_link&#8220; link=&#8220;https:\/\/feedyou.ai\/cs\/novinky\/top-10-chyb-pri-tvorbe-chatbotu-a-voicebotu-2\/&#8220;][vc_column_text el_class=&#8220;blog-post-title&#8220;]<\/p>\n<h3><a href=\"https:\/\/feedyou.ai\/cs\/novinky\/top-10-chyb-pri-tvorbe-chatbotu-a-voicebotu-2\/\" rel=\"noopener\">Top 10 chyb p\u0159i tvorb\u011b chatbot\u016f a&nbsp;voicebot\u016f #2<\/a><\/h3>\n<p>[\/vc_column_text][vc_column_text el_class=&#8220;blog-post-text&#8220;]<a href=\"https:\/\/feedyou.ai\/cs\/novinky\/top-10-chyb-pri-tvorbe-chatbotu-a-voicebotu-2\/\">P\u0159in\u00e1\u0161\u00edme podrobn\u00fd p\u0159ehled dal\u0161\u00edch 5&nbsp;nej\u010dast\u011bj\u0161\u00edch chyb p\u0159i vytv\u00e1\u0159en\u00ed chatbot\u016f a&nbsp;voicebot\u016f a&nbsp;jak se jim vyhnout.<\/a>[\/vc_column_text][\/vc_column][\/vc_row][vc_row][vc_column width=&#8220;1\/3&#8243;][vc_single_image image=&#8220;32575&#8243; img_size=&#8220;full&#8220; onclick=&#8220;custom_link&#8220; link=&#8220;https:\/\/feedyou.ai\/cs\/novinky\/feedyou-platform-openai\/&#8220;][vc_column_text el_class=&#8220;blog-post-title&#8220;]<\/p>\n<h3><a href=\"https:\/\/feedyou.ai\/cs\/novinky\/feedyou-platform-openai\/\" rel=\"noopener\">Feedyou Platform &amp;&nbsp;OpenAI<\/a><\/h3>\n<p>[\/vc_column_text][vc_column_text el_class=&#8220;blog-post-text&#8220;]<a href=\"https:\/\/feedyou.ai\/cs\/novinky\/feedyou-platform-openai\/\">Jak ve Feedyou vyu\u017e\u00edv\u00e1me technologie OpenAI v&nbsp;na\u0161\u00ed vlastn\u00ed platform\u011b p\u0159i stavb\u011b chatbot\u016f a&nbsp;voicebot\u016f?<\/a>[\/vc_column_text][\/vc_column][vc_column width=&#8220;1\/3&#8243;][vc_single_image image=&#8220;32310&#8243; img_size=&#8220;full&#8220; onclick=&#8220;custom_link&#8220; link=&#8220;https:\/\/feedyou.ai\/cs\/novinky\/top-10-chyb-pri-tvorbe-botu-1\/&#8220;][vc_column_text el_class=&#8220;blog-post-title&#8220;]<\/p>\n<h3><a href=\"https:\/\/feedyou.ai\/cs\/novinky\/top-10-chyb-pri-tvorbe-botu-1\/\" rel=\"noopener\">Top 10 chyb p\u0159i tvorb\u011b chatbot\u016f a&nbsp;voicebot\u016f<\/a><\/h3>\n<p>[\/vc_column_text][vc_column_text el_class=&#8220;blog-post-text&#8220;]<a href=\"https:\/\/feedyou.ai\/cs\/novinky\/top-10-chyb-pri-tvorbe-botu-1\/\">P\u0159in\u00e1\u0161\u00edme podrobn\u00fd p\u0159ehled 10 nej\u010dast\u011bj\u0161\u00edch chyb p\u0159i vytv\u00e1\u0159en\u00ed chatbot\u016f a&nbsp;voicebot\u016f a&nbsp;jak se jim vyhnout.<\/a>[\/vc_column_text][\/vc_column][vc_column width=&#8220;1\/3&#8243;][vc_single_image image=&#8220;32285&#8243; img_size=&#8220;full&#8220; onclick=&#8220;custom_link&#8220; link=&#8220;https:\/\/feedyou.ai\/cs\/novinky\/seed-investice-30-mil-korun\/&#8220;][vc_column_text el_class=&#8220;blog-post-title&#8220;]<\/p>\n<h3><a href=\"https:\/\/feedyou.ai\/cs\/novinky\/seed-investice-30-mil-korun\/\" rel=\"noopener\">Z\u00edskali jsme seed investici p\u0159es 30 mil. korun<\/a><\/h3>\n<p>[\/vc_column_text][vc_column_text el_class=&#8220;blog-post-text&#8220;]<a href=\"https:\/\/feedyou.ai\/cs\/novinky\/seed-investice-30-mil-korun\/\">Na rozvoj Feedyou jsme z\u00edskali p\u0159es 30 milion\u016f korun a&nbsp;siln\u00fd t\u00fdm nejen investor\u016f, ale i&nbsp;strategick\u00fdch partner\u016f.<\/a>[\/vc_column_text][\/vc_column][\/vc_row][vc_row][vc_column width=&#8220;1\/3&#8243;][vc_single_image image=&#8220;31346&#8243; img_size=&#8220;full&#8220; onclick=&#8220;custom_link&#8220; link=&#8220;https:\/\/feedyou.ai\/cs\/novinky\/integrace-virtualni-asistenti\/&#8220;][vc_column_text el_class=&#8220;blog-post-title&#8220;]<\/p>\n<h3><a href=\"https:\/\/feedyou.ai\/cs\/novinky\/integrace-virtualni-asistenti\/\" rel=\"noopener\">Je\u0161t\u011b chyt\u0159ej\u0161\u00ed virtu\u00e1ln\u00ed asistenti d\u00edky integrac\u00edm<\/a><\/h3>\n<p>[\/vc_column_text][vc_column_text el_class=&#8220;blog-post-text&#8220;]<a href=\"https:\/\/feedyou.ai\/cs\/novinky\/integrace-virtualni-asistenti\/\">Na\u0161e virtu\u00e1ln\u00ed asistenty snadno napoj\u00edte na sv\u00e9 komunika\u010dn\u00ed kan\u00e1ly a&nbsp;intern\u00ed syst\u00e9my. Co v\u0161echno za v\u00e1s d\u00edky tomu zvl\u00e1dnou?<\/a>[\/vc_column_text][\/vc_column][vc_column width=&#8220;1\/3&#8243;][vc_single_image image=&#8220;31199&#8243; img_size=&#8220;full&#8220; onclick=&#8220;custom_link&#8220; link=&#8220;https:\/\/feedyou.ai\/cs\/novinky\/caste-dotazy-nechte-ai\/&#8220;][vc_column_text el_class=&#8220;blog-post-title&#8220;]<\/p>\n<h3><a href=\"https:\/\/feedyou.ai\/cs\/novinky\/caste-dotazy-nechte-ai\/\" rel=\"noopener\">P\u0159enechejte \u010dast\u00e9 dotazy um\u011bl\u00e9 inteligenci<\/a><\/h3>\n<p>[\/vc_column_text][vc_column_text el_class=&#8220;blog-post-text&#8220;]<a href=\"https:\/\/feedyou.ai\/cs\/novinky\/caste-dotazy-nechte-ai\/\">Komunikace bez zdr\u017eov\u00e1n\u00ed? V&nbsp;chatu, na telefonu, ale i&nbsp;e-mailu v\u00e1m s&nbsp;odpov\u00edd\u00e1n\u00edm na dotazy pom\u016f\u017ee um\u011bl\u00e1 inteligence.<\/a>[\/vc_column_text][\/vc_column][vc_column width=&#8220;1\/3&#8243;][vc_single_image image=&#8220;31176&#8243; img_size=&#8220;full&#8220; onclick=&#8220;custom_link&#8220; link=&#8220;https:\/\/feedyou.ai\/cs\/novinky\/zdokonaleni-ai-pomoci-gpt\/&#8220;][vc_column_text el_class=&#8220;blog-post-title&#8220;]<\/p>\n<h3><a href=\"https:\/\/feedyou.ai\/cs\/novinky\/zdokonaleni-ai-pomoci-gpt\/\" rel=\"noopener\">Zdokonalen\u00ed konverza\u010dn\u00ed AI pomoc\u00ed GPT model\u016f<\/a><\/h3>\n<p>[\/vc_column_text][vc_column_text el_class=&#8220;blog-post-text&#8220;]<a href=\"https:\/\/feedyou.ai\/cs\/novinky\/zdokonaleni-ai-pomoci-gpt\/\">Je ChatGPT skute\u010dn\u011b tak mocn\u00fd? T\u0159eba jen nen\u00ed pro ka\u017ed\u00e9ho. Jak\u00fd je rozd\u00edl oproti konverza\u010dn\u00ed um\u011bl\u00e9 inteligenci?<\/a>[\/vc_column_text][\/vc_column][\/vc_row][vc_row][vc_column width=&#8220;1\/3&#8243;][vc_single_image image=&#8220;30298&#8243; img_size=&#8220;full&#8220; onclick=&#8220;custom_link&#8220; link=&#8220;https:\/\/feedyou.ai\/cs\/novinky\/vstupte-do-sveta-voicebotu\/&#8220;][vc_column_text el_class=&#8220;blog-post-title&#8220;]<\/p>\n<h3><a href=\"https:\/\/feedyou.ai\/cs\/novinky\/vstupte-do-sveta-voicebotu\/\" rel=\"noopener\">Vstupte do sv\u011bta hlasov\u00fdch asistent\u016f<\/a><\/h3>\n<p>[\/vc_column_text][vc_column_text el_class=&#8220;blog-post-text&#8220;]<a href=\"https:\/\/feedyou.ai\/cs\/novinky\/vstupte-do-sveta-voicebotu\/\">Efektivn\u011bj\u0161\u00ed pr\u00e1ce? No jasn\u011b, d\u00edky automatizaci pomoc\u00ed chytr\u00fdch hlasov\u00fdch asistent\u016f \u2013 voicebot\u016f.<\/a>[\/vc_column_text][\/vc_column][vc_column width=&#8220;1\/3&#8243;][vc_single_image image=&#8220;30340&#8243; img_size=&#8220;full&#8220; onclick=&#8220;custom_link&#8220; link=&#8220;https:\/\/feedyou.ai\/cs\/novinky\/proc-chatgpt\/&#8220;][vc_column_text el_class=&#8220;blog-post-title&#8220;]<\/p>\n<h3><a href=\"https:\/\/feedyou.ai\/cs\/novinky\/proc-chatgpt\/\" rel=\"noopener\">Pro\u010d se kolem ChatGPT to\u010d\u00ed cel\u00fd sv\u011bt?<\/a><\/h3>\n<p>[\/vc_column_text][vc_column_text el_class=&#8220;blog-post-text&#8220;]<a href=\"https:\/\/feedyou.ai\/cs\/novinky\/proc-chatgpt\/\">Konec chatbot\u016f? Ne tak docela. Budoucnost automatizovan\u00e9 komunikace? Jednozna\u010dn\u011b. Jak vyu\u017e\u00edv\u00e1me ChatGPT my?<\/a>[\/vc_column_text][\/vc_column][vc_column width=&#8220;1\/3&#8243;][vc_single_image image=&#8220;29434&#8243; img_size=&#8220;full&#8220; onclick=&#8220;custom_link&#8220; link=&#8220;https:\/\/feedyou.ai\/cs\/novinky\/microsoft-top-tier-partner\/&#8220;][vc_column_text el_class=&#8220;blog-post-title&#8220;]<\/p>\n<h3><a href=\"https:\/\/feedyou.ai\/cs\/novinky\/microsoft-top-tier-partner\/\" rel=\"noopener\">Stali jsme se Microsoft Top Tier Partnerem<\/a><\/h3>\n<p>[\/vc_column_text][vc_column_text el_class=&#8220;blog-post-text&#8220;]<a href=\"https:\/\/feedyou.ai\/cs\/novinky\/microsoft-top-tier-partner\/\">Jako prvn\u00ed startup v&nbsp;\u010cesku a&nbsp;na Slovensku jsme z\u00edskali nejvy\u0161\u0161\u00ed partnersk\u00fd status Microsoftu.<\/a>[\/vc_column_text][\/vc_column][\/vc_row][vc_row][vc_column width=&#8220;1\/3&#8243;][vc_single_image image=&#8220;29155&#8243; img_size=&#8220;full&#8220; onclick=&#8220;custom_link&#8220; link=&#8220;https:\/\/feedyou.ai\/cs\/novinky\/stribrny-chatbot-skoda-auto\/&#8220;][vc_column_text el_class=&#8220;blog-post-title&#8220;]<\/p>\n<h3><a href=\"https:\/\/feedyou.ai\/cs\/novinky\/stribrny-chatbot-skoda-auto\/\" rel=\"noopener\">Druh\u00e9 m\u00edsto na IEA 2022 s&nbsp;chatbotem \u0160KODA AUTO<\/a><\/h3>\n<p>[\/vc_column_text][vc_column_text el_class=&#8220;blog-post-text&#8220;]<a href=\"https:\/\/feedyou.ai\/cs\/novinky\/stribrny-chatbot-skoda-auto\/\">Spole\u010dn\u011b se \u0160KODA AUTO si z&nbsp;Internet Effectiveness Awards 2022 odv\u00e1\u017e\u00edme 2.&nbsp;m\u00edsto v&nbsp;kategorii Automotive, dopravn\u00ed slu\u017eby a&nbsp;logistika.<\/a>[\/vc_column_text][\/vc_column][vc_column width=&#8220;1\/3&#8243;][vc_single_image image=&#8220;28625&#8243; img_size=&#8220;full&#8220; onclick=&#8220;custom_link&#8220; link=&#8220;https:\/\/feedyou.ai\/cs\/novinky\/od-prvniho-do-posledniho-dne\/&#8220;][vc_column_text el_class=&#8220;blog-post-title&#8220;]<\/p>\n<h3><a href=\"https:\/\/feedyou.ai\/cs\/novinky\/od-prvniho-do-posledniho-dne\/\" rel=\"noopener\">Virtu\u00e1ln\u00ed kolega od prvn\u00edho do posledn\u00edho dne zam\u011bstnance<\/a><\/h3>\n<p>[\/vc_column_text][vc_column_text el_class=&#8220;blog-post-text&#8220;]<a href=\"https:\/\/feedyou.ai\/cs\/novinky\/od-prvniho-do-posledniho-dne\/\">Chatboti a&nbsp;voiceboti odval\u00ed hromadu pr\u00e1ce a&nbsp;pap\u00edrov\u00e1n\u00ed, d\u00edky \u010demu\u017e se HR m\u016f\u017ee zase soust\u0159edit na pr\u00e1ci s&nbsp;lidmi.<\/a>[\/vc_column_text][\/vc_column][vc_column width=&#8220;1\/3&#8243;][vc_single_image image=&#8220;28425&#8243; img_size=&#8220;full&#8220; onclick=&#8220;custom_link&#8220; link=&#8220;https:\/\/feedyou.ai\/cs\/novinky\/ipex-feedyou-omnichannel\/&#8220;][vc_column_text el_class=&#8220;blog-post-title&#8220;]<\/p>\n<h3><a href=\"https:\/\/feedyou.ai\/cs\/novinky\/ipex-feedyou-omnichannel\/\" rel=\"noopener\">IPEX &amp; Feedyou: Experti na prav\u00fd omnichannel<\/a><\/h3>\n<p>[\/vc_column_text][vc_column_text el_class=&#8220;blog-post-text&#8220;]<a href=\"https:\/\/feedyou.ai\/cs\/novinky\/ipex-feedyou-omnichannel\/\">Uzav\u00edr\u00e1me partnerstv\u00ed pouze s&nbsp;t\u011bmi nejlep\u0161\u00edmi v oboru, mezi kter\u00e9 pat\u0159\u00ed tak\u00e9 IPEX&nbsp;\u2013 jeden z&nbsp;nejv\u011bt\u0161\u00edch poskytovatel\u016f kontaktn\u00edch center v&nbsp;\u010cesku.<\/a>[\/vc_column_text][\/vc_column][\/vc_row][vc_row][vc_column width=&#8220;1\/3&#8243;][vc_single_image image=&#8220;28343&#8243; img_size=&#8220;full&#8220; onclick=&#8220;custom_link&#8220; link=&#8220;https:\/\/feedyou.ai\/cs\/novinky\/papirovani-nechte-virtualnim-asistentum\/&#8220;][vc_column_text el_class=&#8220;blog-post-title&#8220;]<\/p>\n<h3><a href=\"https:\/\/feedyou.ai\/cs\/novinky\/papirovani-nechte-virtualnim-asistentum\/\" rel=\"noopener\">V\u011bnujte se lidem a pap\u00edrov\u00e1n\u00ed nechte virtu\u00e1ln\u00edm asistent\u016fm<\/a><\/h3>\n<p>[\/vc_column_text][vc_column_text el_class=&#8220;blog-post-text&#8220;]<a href=\"https:\/\/feedyou.ai\/cs\/novinky\/papirovani-nechte-virtualnim-asistentum\/\">Chatboti a voiceboti dnes ud\u011blaj\u00ed takov\u00fd kus pr\u00e1ce, \u017ee se HR m\u016f\u017ee zase soust\u0159edit jen na d\u016fle\u017eitou pr\u00e1ci p\u0159\u00edmo s lidmi.<\/a>[\/vc_column_text][\/vc_column][vc_column width=&#8220;1\/3&#8243;][vc_single_image image=&#8220;28897&#8243; img_size=&#8220;full&#8220; onclick=&#8220;custom_link&#8220; link=&#8220;https:\/\/feedyou.ai\/cs\/novinky\/feedyou-hr-days-2022\/&#8220;][vc_column_text el_class=&#8220;blog-post-title&#8220;]<\/p>\n<h3><a href=\"https:\/\/feedyou.ai\/cs\/novinky\/feedyou-hr-days-2022\/\" rel=\"noopener\">Co zazn\u011blo na Feedyou HR Days 2022<\/a><\/h3>\n<p>[\/vc_column_text][vc_column_text el_class=&#8220;blog-post-text&#8220;]<a href=\"https:\/\/feedyou.ai\/cs\/novinky\/feedyou-hr-days-2022\/\">O&nbsp;\u010dem je dne\u0161n\u00ed HR a&nbsp;jak do n\u011bj zapadaj\u00ed virtu\u00e1ln\u00ed asistenti? Ohl\u00e9dn\u011bte se s&nbsp;n\u00e1mi za dnem nabit\u00fdm inspirac\u00ed pro va\u0161e HR.<\/a>[\/vc_column_text][\/vc_column][vc_column width=&#8220;1\/3&#8243;][vc_single_image image=&#8220;28346&#8243; img_size=&#8220;full&#8220; onclick=&#8220;custom_link&#8220; link=&#8220;https:\/\/feedyou.ai\/cs\/novinky\/nejcastejsi-gramaticke-chyby-pri-tvorbe-chatbotu-cast-2\/&#8220;][vc_column_text el_class=&#8220;blog-post-title&#8220;]<\/p>\n<h3><a href=\"https:\/\/feedyou.ai\/cs\/novinky\/nejcastejsi-gramaticke-chyby-pri-tvorbe-chatbotu-cast-2\/\" rel=\"noopener\">Nej\u010dast\u011bj\u0161\u00ed gramatick\u00e9 chyby p\u0159i tvorb\u011b chatbot\u016f \u2013 #2<\/a><\/h3>\n<p>[\/vc_column_text][vc_column_text el_class=&#8220;blog-post-text&#8220;]<a href=\"https:\/\/feedyou.ai\/cs\/novinky\/nejcastejsi-gramaticke-chyby-pri-tvorbe-chatbotu-cast-2\/\">Ob\u010das se n\u011bjak\u00e9 ty chybi\u010dky do textu vloud\u00ed. V&nbsp;na\u0161\u00ed pravopisn\u00e9 s\u00e9rii se tentokr\u00e1t zam\u011b\u0159\u00edme na procenta.<\/a>[\/vc_column_text][\/vc_column][\/vc_row][vc_row][vc_column width=&#8220;1\/3&#8243;][vc_single_image image=&#8220;28349&#8243; img_size=&#8220;full&#8220; onclick=&#8220;custom_link&#8220; link=&#8220;https:\/\/feedyou.ai\/cs\/novinky\/kolika-jazyky-mluvis-tolikrat-jsi-chatbotem\/&#8220;][vc_column_text el_class=&#8220;blog-post-title&#8220;]<\/p>\n<h3><a href=\"https:\/\/feedyou.ai\/cs\/novinky\/kolika-jazyky-mluvis-tolikrat-jsi-chatbotem\/\" rel=\"noopener\">Kolika jazyky mluv\u00ed\u0161, tolikr\u00e1t jsi chatbotem<\/a><\/h3>\n<p>[\/vc_column_text][vc_column_text el_class=&#8220;blog-post-text&#8220;]<a href=\"https:\/\/feedyou.ai\/cs\/novinky\/kolika-jazyky-mluvis-tolikrat-jsi-chatbotem\/\">\u010ce\u0161tina, nebo rad\u011bji univerz\u00e1ln\u00ed angli\u010dtina? S&nbsp;Feedyou m\u016f\u017ee v\u00e1\u0161 virtu\u00e1ln\u00ed asistent mluvit v\u0161emi jazyky, kter\u00fdmi pot\u0159ebujete. A&nbsp;to i&nbsp;sou\u010dasn\u011b.<\/a>[\/vc_column_text][\/vc_column][vc_column width=&#8220;1\/3&#8243;][vc_single_image image=&#8220;28352&#8243; img_size=&#8220;full&#8220; onclick=&#8220;custom_link&#8220; link=&#8220;https:\/\/feedyou.ai\/cs\/novinky\/operator-nebo-chatbot\/&#8220;][vc_column_text el_class=&#8220;blog-post-title&#8220;]<\/p>\n<h3><a href=\"https:\/\/feedyou.ai\/cs\/novinky\/operator-nebo-chatbot\/\" rel=\"noopener\">\u017div\u00fd oper\u00e1tor nebo chatbot? Vy\u0159e\u0161ili jsme to za v\u00e1s!<\/a><\/h3>\n<p>[\/vc_column_text][vc_column_text el_class=&#8220;blog-post-text&#8220;]<a href=\"https:\/\/feedyou.ai\/cs\/novinky\/operator-nebo-chatbot\/\">Kvalitn\u00ed z\u00e1\u017eitek z&nbsp;komunikace pro u\u017eivatele a&nbsp;klidn\u00ed oper\u00e1to\u0159i netop\u00edc\u00ed se v&nbsp;mo\u0159i stejn\u00fdch dotaz\u016f? Jednodu\u0161e s&nbsp;pomoc\u00ed chatbota!<\/a>[\/vc_column_text][\/vc_column][vc_column width=&#8220;1\/3&#8243;][vc_single_image image=&#8220;28367&#8243; img_size=&#8220;1500&#215;669&#8243; onclick=&#8220;custom_link&#8220; link=&#8220;https:\/\/feedyou.ai\/cs\/novinky\/jsme-microsoft-ip-co-sell-ready-partner\/&#8220;][vc_column_text el_class=&#8220;blog-post-title&#8220;]<\/p>\n<h3><a href=\"https:\/\/feedyou.ai\/cs\/novinky\/jsme-microsoft-ip-co-sell-ready-partner\/\">Jsme Microsoft IP Co-Sell Ready Partner<\/a><\/h3>\n<p>[\/vc_column_text][vc_column_text el_class=&#8220;blog-post-text&#8220;]<a href=\"https:\/\/feedyou.ai\/cs\/novinky\/jsme-microsoft-ip-co-sell-ready-partner\/\">Nadstandardn\u00ed v\u00fdhody, podpora a nejnov\u011bj\u0161\u00ed inovace z d\u00edlny Microsoft pro n\u00e1s a na\u0161e partnery.<\/a>[\/vc_column_text][\/vc_column][\/vc_row][vc_row][vc_column width=&#8220;1\/3&#8243;][vc_single_image image=&#8220;28355&#8243; img_size=&#8220;full&#8220; onclick=&#8220;custom_link&#8220; link=&#8220;https:\/\/feedyou.ai\/cs\/novinky\/3-role-chatbota-v-realitni-kancelari\/&#8220;][vc_column_text el_class=&#8220;blog-post-title&#8220;]<\/p>\n<h3><a href=\"https:\/\/feedyou.ai\/cs\/novinky\/3-role-chatbota-v-realitni-kancelari\/\" rel=\"noopener\">Makl\u00e9\u0159, n\u00e1bor\u00e1\u0159, asistent: 3&nbsp;role chatbota v&nbsp;realitn\u00ed kancel\u00e1\u0159i<\/a><\/h3>\n<p>[\/vc_column_text][vc_column_text el_class=&#8220;blog-post-text&#8220;]<a href=\"https:\/\/feedyou.ai\/cs\/novinky\/3-role-chatbota-v-realitni-kancelari\/\" rel=\"noopener\">Chatbot re\u00e1ln\u00e9ho \u010dlov\u011bka nikdy nenahrad\u00ed, ale to ani nen\u00ed jeho ambice. P\u0159esto odvede velk\u00e9 mno\u017estv\u00ed pr\u00e1ce, ze kter\u00e9 m\u016f\u017eete t\u011b\u017eit.<\/a>[\/vc_column_text][\/vc_column][vc_column width=&#8220;1\/3&#8243;][vc_single_image image=&#8220;28358&#8243; img_size=&#8220;full&#8220; onclick=&#8220;custom_link&#8220; link=&#8220;https:\/\/feedyou.ai\/cs\/novinky\/european-chatbot-conversation-ai-summit\/&#8220;][vc_column_text el_class=&#8220;blog-post-title&#8220;]<\/p>\n<h3><a href=\"https:\/\/feedyou.ai\/cs\/novinky\/european-chatbot-conversation-ai-summit\/\">European Chatbot &amp; Conversation AI Summit<\/a><\/h3>\n<p>[\/vc_column_text][vc_column_text el_class=&#8220;blog-post-text&#8220;]<a href=\"https:\/\/feedyou.ai\/cs\/novinky\/european-chatbot-conversation-ai-summit\/\">Jak\u00e9 je budoucnost automatizovan\u00e9 komunikace a jak se na ni p\u0159ipravit? P\u0159in\u00e1\u0161\u00edme v\u00e1m report z Lond\u00fdnsk\u00e9ho summitu.<\/a>[\/vc_column_text][\/vc_column][vc_column width=&#8220;1\/3&#8243;][vc_single_image image=&#8220;28361&#8243; img_size=&#8220;1500&#215;669&#8243; onclick=&#8220;custom_link&#8220; link=&#8220;https:\/\/feedyou.ai\/cs\/novinky\/chatbot-a-google-sheets-silna-dvojka\/&#8220;][vc_column_text el_class=&#8220;blog-post-title&#8220;]<\/p>\n<h3><a href=\"https:\/\/feedyou.ai\/cs\/novinky\/chatbot-a-google-sheets-silna-dvojka\/\">Chatbot a Google Sheets: Siln\u00e1 dvojka<\/a><\/h3>\n<p>[\/vc_column_text][vc_column_text el_class=&#8220;blog-post-text&#8220;]<a href=\"https:\/\/feedyou.ai\/cs\/novinky\/chatbot-a-google-sheets-silna-dvojka\/\">Symbi\u00f3za excelov\u00fdch tabulek a&nbsp;komunika\u010dn\u00edch struktur chatbot\u016f. Pro\u010d tvo\u0159\u00ed ide\u00e1ln\u00ed p\u00e1r a&nbsp;jak v\u00e1m m\u016f\u017ee propojen\u00ed pomoci?<\/a>[\/vc_column_text][\/vc_column][\/vc_row][vc_row][vc_column width=&#8220;1\/3&#8243;][vc_single_image image=&#8220;28364&#8243; img_size=&#8220;1500&#215;669&#8243; onclick=&#8220;custom_link&#8220; link=&#8220;https:\/\/feedyou.ai\/cs\/novinky\/nejcastejsi-gramaticke-chyby-pri-tvorbe-chatbotu-cast-1\/&#8220;][vc_column_text el_class=&#8220;blog-post-title&#8220;]<\/p>\n<h3><a href=\"https:\/\/feedyou.ai\/cs\/novinky\/nejcastejsi-gramaticke-chyby-pri-tvorbe-chatbotu-cast-1\/\">Nej\u010dast\u011bj\u0161\u00ed gramatick\u00e9 chyby p\u0159i tvorb\u011b chatbot\u016f \u2013 #1<\/a><\/h3>\n<p>[\/vc_column_text][vc_column_text el_class=&#8220;blog-post-text&#8220;]<a href=\"https:\/\/feedyou.ai\/cs\/novinky\/nejcastejsi-gramaticke-chyby-pri-tvorbe-chatbotu-cast-1\/\">Ob\u010das se n\u011bjak\u00e9 ty chybi\u010dky do textu vloud\u00ed. Na co se v na\u0161\u00ed nov\u00e9 \u201epravopisn\u00e9\u201c s\u00e9rii p\u0159\u00edsp\u011bvk\u016f zam\u011b\u0159\u00edme dnes?<\/a>[\/vc_column_text][\/vc_column][vc_column width=&#8220;1\/3&#8243;][vc_single_image image=&#8220;28373&#8243; img_size=&#8220;1500&#215;669&#8243; onclick=&#8220;custom_link&#8220; link=&#8220;https:\/\/feedyou.ai\/cs\/novinky\/chat-voiceboti-ve-sluzbach-verejne-spravy\/&#8220;][vc_column_text el_class=&#8220;blog-post-title&#8220;]<\/p>\n<h3><a href=\"https:\/\/feedyou.ai\/cs\/novinky\/chat-voiceboti-ve-sluzbach-verejne-spravy\/\">Chat &amp; Voiceboti ve ve\u0159ejn\u00e9 spr\u00e1v\u011b<\/a><\/h3>\n<p>[\/vc_column_text][vc_column_text el_class=&#8220;blog-post-text&#8220;]<a href=\"https:\/\/feedyou.ai\/cs\/novinky\/chat-voiceboti-ve-sluzbach-verejne-spravy\/\">Co obn\u00e1\u0161\u00ed kompletn\u00ed a komplexn\u00ed digitalizace ve slu\u017eb\u00e1ch ve\u0159ejn\u00e9 spr\u00e1vy a jak do toho zapadaj\u00ed chat a voiceboti?<\/a>[\/vc_column_text][\/vc_column][vc_column width=&#8220;1\/3&#8243;][vc_single_image image=&#8220;28382&#8243; img_size=&#8220;1500&#215;669&#8243; onclick=&#8220;custom_link&#8220; link=&#8220;https:\/\/feedyou.ai\/cs\/novinky\/spojujeme-sily-s-daktelou\/&#8220;][vc_column_text el_class=&#8220;blog-post-title&#8220;]<\/p>\n<h3><a href=\"https:\/\/feedyou.ai\/cs\/novinky\/spojujeme-sily-s-daktelou\/\">Spojujeme s\u00edly<br \/>\ns Daktelou<\/a><\/h3>\n<p>[\/vc_column_text][vc_column_text el_class=&#8220;blog-post-text&#8220;]<a href=\"https:\/\/feedyou.ai\/cs\/novinky\/spojujeme-sily-s-daktelou\/\">Spojujeme s\u00edly s Daktelou a integrujeme virtu\u00e1ln\u00ed asistenty Feedyou do \u0159e\u0161en\u00ed kontaktn\u00edch center.<\/a>[\/vc_column_text][\/vc_column][\/vc_row][\/vc_section][vc_row][vc_column][vc_empty_space height=&#8220;20px&#8220;][\/vc_column][\/vc_row][vc_row][vc_column][vc_basic_grid post_type=&#8220;post&#8220; max_items=&#8220;-1&#8243; style=&#8220;pagination&#8220; items_per_page=&#8220;9&#8243; paging_design=&#8220;pagination_square_dark&#8220; item=&#8220;51666&#8243; initial_loading_animation=&#8220;none&#8220; grid_id=&#8220;vc_gid:1743231525198-9781f96b-5ff9-1&#8243; el_class=&#8220;latest-posts&#8220; taxonomies=&#8220;32&#8243;][\/vc_column][\/vc_row]<\/p>\n<\/div>","protected":false},"excerpt":{"rendered":"<p>[vc_section el_class=&#8220;vc_section-fullwidth section-padding&#8220;][vc_row][vc_column width=&#8220;1\/6&#8243; offset=&#8220;vc_hidden-xs&#8220;][\/vc_column][vc_column width=&#8220;2\/3&#8243;][vc_column_text css_animation=&#8220;none&#8220;] Nejnov\u011bj\u0161\u00ed informace z&nbsp;Feedyou [\/vc_column_text][vc_column_text el_class=&#8220;hero-section_p&#8220;] Bu\u010fte v&nbsp;obraze d\u00edky novink\u00e1m a&nbsp;trend\u016fm z&nbsp;oblasti chatbot\u016f, voicebot\u016f a&nbsp;informac\u00edm z&nbsp;na\u0161\u00ed komunika\u010dn\u00ed d\u00edlny. [\/vc_column_text][\/vc_column][vc_column width=&#8220;1\/6&#8243;][vc_single_image image=&#8220;28978&#8243; img_size=&#8220;full&#8220; el_class=&#8220;fy-emoji&#8220;][\/vc_column][\/vc_row][\/vc_section][vc_section disable_element=&#8220;yes&#8220; el_class=&#8220;vc_section-fullwidth blog-post-image blog-post-row&#8220;][vc_row][vc_column width=&#8220;1\/3&#8243;][vc_single_image image=&#8220;33492&#8243; img_size=&#8220;full&#8220; onclick=&#8220;custom_link&#8220; link=&#8220;https:\/\/feedyou.ai\/cs\/novinky\/jak-navrhnout-uspesneho-chatbota\/&#8220;][vc_column_text el_class=&#8220;blog-post-title&#8220;] Jak navrhnout \u00fasp\u011b\u0161n\u00e9ho chatbota [\/vc_column_text][vc_column_text el_class=&#8220;blog-post-text&#8220;]Od jm\u00e9na a\u017e po unik\u00e1tn\u00ed komunika\u010dn\u00ed styl. P\u0159e\u010dt\u011bte si na\u0161ich 5&nbsp;tip\u016f <\/p>\n<p><a class=\"btn btn-secondary understrap-read-more-link\" href=\"https:\/\/feedyou.ai\/cs\/novinky\/\">Zjist\u011bte v\u00edce&#8230;<\/a><\/p>\n","protected":false},"author":20,"featured_media":0,"parent":0,"menu_order":73,"comment_status":"closed","ping_status":"closed","template":"page-templates\/fullwidthpage.php","meta":{"_acf_changed":false,"inline_featured_image":false,"h5ap_radio_sources":[],"footnotes":""},"class_list":["post-22171","page","type-page","status-publish","hentry"],"acf":[],"_links":{"self":[{"href":"https:\/\/feedyou.ai\/cs\/wp-json\/wp\/v2\/pages\/22171","targetHints":{"allow":["GET"]}}],"collection":[{"href":"https:\/\/feedyou.ai\/cs\/wp-json\/wp\/v2\/pages"}],"about":[{"href":"https:\/\/feedyou.ai\/cs\/wp-json\/wp\/v2\/types\/page"}],"author":[{"embeddable":true,"href":"https:\/\/feedyou.ai\/cs\/wp-json\/wp\/v2\/users\/20"}],"replies":[{"embeddable":true,"href":"https:\/\/feedyou.ai\/cs\/wp-json\/wp\/v2\/comments?post=22171"}],"version-history":[{"count":0,"href":"https:\/\/feedyou.ai\/cs\/wp-json\/wp\/v2\/pages\/22171\/revisions"}],"wp:attachment":[{"href":"https:\/\/feedyou.ai\/cs\/wp-json\/wp\/v2\/media?parent=22171"}],"curies":[{"name":"wp","href":"https:\/\/api.w.org\/{rel}","templated":true}]}}