{"id":32080,"date":"2023-07-31T12:25:55","date_gmt":"2023-07-31T10:25:55","guid":{"rendered":"https:\/\/feedyou.ai\/ochrana-osobnich-udaju-feedyou\/"},"modified":"2025-09-16T12:05:22","modified_gmt":"2025-09-16T10:05:22","slug":"ochrana-osobnich-udaju","status":"publish","type":"page","link":"https:\/\/feedyou.ai\/cs\/ochrana-osobnich-udaju\/","title":{"rendered":"Ochrana osobn\u00edch \u00fadaj\u016f | Feedyou"},"content":{"rendered":"<div class=\"wpb-content-wrapper\"><p>[vc_section el_class=&#8220;vc_section-fullwidth&#8220;][vc_row][vc_column][vc_empty_space height=&#8220;60px&#8220;][\/vc_column][\/vc_row][vc_row][vc_column width=&#8220;1\/6&#8243; offset=&#8220;vc_hidden-xs&#8220;][\/vc_column][vc_column width=&#8220;2\/3&#8243;][vc_column_text css_animation=&#8220;none&#8220;]<\/p>\n<h1 style=\"text-align: center;\"><span class=\"h-dashiell\">Ochrana<\/span><span class=\"h-filson\"> osobn\u00edch \u00fadaj\u016f<\/span><\/h1>\n<p>[\/vc_column_text][vc_column_text el_class=&#8220;hero-section_p&#8220;]<\/p>\n<p style=\"text-align: center;\">Datum \u00fa\u010dinnosti: 01.03.2021<\/p>\n<p>[\/vc_column_text][\/vc_column][vc_column width=&#8220;1\/6&#8243;][\/vc_column][\/vc_row][\/vc_section][vc_section el_class=&#8220;vc_section-fullwidth calc-section cf7-lead-white&#8220;][vc_row][vc_column width=&#8220;1\/6&#8243;][\/vc_column][vc_column width=&#8220;2\/3&#8243;][vc_column_text css=&#8220;&#8220;]Spole\u010dnost <strong>Feedyou s.r.o., <\/strong>I\u010c: 029 27&nbsp;438, se s\u00eddlem Sta\u0148kova 1322, 530 02 Pardubice, zapsan\u00e1 v obchodn\u00edm rejst\u0159\u00edku veden\u00e9m u Krajsk\u00e9ho soudu v&nbsp;Hradci Kr\u00e1lov\u00e9, odd\u00edl C, vlo\u017eka 33539 (d\u00e1le jen \u201e<strong>spr\u00e1vce<\/strong>\u201c, \u201e<strong>spole\u010dnost<\/strong>\u201c nebo \u201e<strong>my<\/strong>\u201c) si uv\u011bdomuje, jak podstatn\u00e1 je ochrana Va\u0161ich osobn\u00edch \u00fadaj\u016f, proto pro V\u00e1s vypracovala toto prohl\u00e1\u0161en\u00ed o zpracov\u00e1n\u00ed osobn\u00edch \u00fadaj\u016f, kter\u00e9 popisuje, jak\u00fdm zp\u016fsobem zpracov\u00e1v\u00e1me Va\u0161e osobn\u00ed \u00fadaje a jak s&nbsp;nimi d\u00e1le nakl\u00e1d\u00e1me.<\/p>\n<p>Va\u0161e osobn\u00ed \u00fadaje zpracov\u00e1v\u00e1me v&nbsp;p\u0159\u00edpad\u011b, \u017ee jste obchodn\u00edm partnerem, z\u00e1kazn\u00edkem, uchaze\u010dem o zam\u011bstn\u00e1n\u00ed nebo n\u00e1v\u0161t\u011bvn\u00edkem webov\u00fdch str\u00e1nek spole\u010dnosti.<\/p>\n<h3>Jak\u00e9 moje osobn\u00ed \u00fadaje zpracov\u00e1v\u00e1te?<\/h3>\n<p>Pokud jste na\u0161\u00edm z\u00e1kazn\u00edkem, zpracov\u00e1v\u00e1me zejm\u00e9na osobn\u00ed \u00fadaje, kter\u00e9 pot\u0159ebujeme pro spln\u011bn\u00ed smlouvy uzav\u0159en\u00e9 na z\u00e1klad\u011b Va\u0161\u00ed objedn\u00e1vky, tedy identifika\u010dn\u00ed \u00fadaje jako je nap\u0159\u00edklad Va\u0161e jm\u00e9no, p\u0159\u00edjmen\u00ed, doru\u010dovac\u00ed adresa, p\u0159\u00edpadn\u011b adresa trval\u00e9ho pobytu, datum narozen\u00ed a kontaktn\u00ed \u00fadaje, jako je telefonn\u00ed \u010d\u00edslo a e-mailov\u00e1 adresa. D\u00e1le m\u016f\u017eeme zpracov\u00e1vat osobn\u00ed \u00fadaje, kter\u00e9 jste n\u00e1m poskytl prost\u0159ednictv\u00edm kontaktn\u00edho formul\u00e1\u0159e na na\u0161ich webov\u00fdch str\u00e1nk\u00e1ch.<\/p>\n<p>Pokud jste na\u0161\u00edm obchodn\u00edm partnerem, zpracov\u00e1v\u00e1me zejm\u00e9na identifika\u010dn\u00ed osobn\u00ed \u00fadaje, jako je jm\u00e9no, p\u0159\u00edjmen\u00ed, adresa Va\u0161eho s\u00eddla, p\u0159\u00edpadn\u011b s\u00eddla Va\u0161\u00ed spole\u010dnosti a kontaktn\u00ed \u00fadaje, jako je e-mailov\u00e1 adresa a telefonn\u00ed \u010d\u00edslo, p\u0159\u00edpadn\u011b I\u010cO nebo DI\u010c. M\u016f\u017ee se jednat o osobn\u00ed \u00fadaje p\u0159\u00edmo V\u00e1s, pokud jste fyzick\u00e1 osoba podnikaj\u00edc\u00ed, nebo z\u00e1stupc\u016f, p\u0159\u00edpadn\u011b kontaktn\u00edch osob Va\u0161\u00ed spole\u010dnosti.<\/p>\n<p>Pokud jste uchaze\u010dem o zam\u011bstn\u00e1n\u00ed v&nbsp;na\u0161\u00ed spole\u010dnosti, zpracov\u00e1v\u00e1me osobn\u00ed \u00fadaje, kter\u00e9 jste n\u00e1m poskytl v&nbsp;pr\u016fb\u011bhu p\u0159ij\u00edmac\u00edho \u0159\u00edzen\u00ed nebo prost\u0159ednictv\u00edm zaslan\u00e9ho \u017eivotopisu.<\/p>\n<p>Pokud jste n\u00e1v\u0161t\u011bvn\u00edkem na\u0161ich webov\u00fdch str\u00e1nek, zpracov\u00e1v\u00e1me osobn\u00ed \u00fadaje t\u00fdkaj\u00edc\u00ed se Va\u0161eho chov\u00e1n\u00ed na na\u0161ich str\u00e1nk\u00e1ch a p\u0159\u00edpadn\u011b dal\u0161\u00ed online identifik\u00e1tory, jako je IP adresa nebo cookies.<\/p>\n<h3>Pro\u010d moje osobn\u00ed \u00fadaje zpracov\u00e1v\u00e1te?<\/h3>\n<p>Va\u0161e osobn\u00ed \u00fadaje zpracov\u00e1v\u00e1me z&nbsp;n\u011bkolika d\u016fvod\u016f, kter\u00e9 V\u00e1m n\u00ed\u017ee pop\u00ed\u0161eme. Ka\u017ed\u00fd z&nbsp;uveden\u00fdch d\u016fvod\u016f v\u0161ak mus\u00ed b\u00fdt podlo\u017een je\u0161t\u011b pr\u00e1vn\u00edm z\u00e1kladem zpracov\u00e1n\u00ed, aby bylo zpracov\u00e1n\u00ed osobn\u00edch \u00fadaj\u016f spole\u010dnost\u00ed z\u00e1konn\u00e9 a v&nbsp;souladu s&nbsp;p\u0159\u00edslu\u0161n\u00fdmi pr\u00e1vn\u00edmi p\u0159edpisy.<\/p>\n<p>Mezi d\u016fvody, nebo tak\u00e9 \u00fa\u010dely, za jak\u00fdmi osobn\u00ed \u00fadaje zpracov\u00e1v\u00e1me, pat\u0159\u00ed zejm\u00e9na n\u00e1sleduj\u00edc\u00ed:<\/p>\n<ul>\n<li>abychom V\u00e1m mohli poskytnout slu\u017eby, kter\u00e9 si domluv\u00edme,<\/li>\n<li>abychom splnili z\u00e1konn\u00e9 po\u017eadavky, kter\u00e9 se na n\u00e1s jako poskytovatele internetov\u00e9ho p\u0159ipojen\u00ed vztahuj\u00ed,<\/li>\n<li>pokud jste na\u0161\u00edm obchodn\u00edm partnerem, abychom V\u00e1s mohli kontaktovat a efektivn\u011b s&nbsp;V\u00e1mi komunikovat ve v\u011bci na\u0161\u00ed spolupr\u00e1ce,<\/li>\n<li>abychom V\u00e1s mohli kontaktovat v&nbsp;p\u0159\u00edpad\u011b voln\u00e9 pozice, o kterou byste mohl m\u00edt jako uchaze\u010d o zam\u011bstn\u00e1n\u00ed dle na\u0161eho n\u00e1zoru z\u00e1jem,<\/li>\n<li>abychom s&nbsp;V\u00e1mi, jako \u00fasp\u011b\u0161n\u00fdm uchaze\u010dem, mohli uzav\u0159\u00edt pracovn\u00ed smlouvu,<\/li>\n<li>abychom V\u00e1s mohli kontaktovat s&nbsp;nab\u00edzen\u00edm slu\u017eeb a informovat o akc\u00edch a novink\u00e1ch,<\/li>\n<li>abychom V\u00e1s mohli kontaktovat zp\u011bt, pokud vypln\u00edte n\u00e1\u0161 kontaktn\u00ed formul\u00e1\u0159 nebo virtu\u00e1ln\u00edho asistenta na webov\u00fdch str\u00e1nk\u00e1ch,<\/li>\n<li>abychom V\u00e1m mohli nab\u00eddnout na\u0161e slu\u017eby na z\u00e1klad\u011b Va\u0161\u00ed popt\u00e1vky prost\u0159ednictv\u00edm popt\u00e1vkov\u00e9ho formul\u00e1\u0159e nebo virtu\u00e1ln\u00edho asistenta na webov\u00fdch str\u00e1nk\u00e1ch,<\/li>\n<li>abychom mohli podniknout p\u0159\u00edslu\u0161n\u00e9 pr\u00e1vn\u00ed kroky, pokud nebudete platit za na\u0161e slu\u017eby,<\/li>\n<li>abychom V\u00e1m mohli poskytnout lep\u0161\u00ed z\u00e1\u017eitek z n\u00e1v\u0161t\u011bvy na\u0161ich str\u00e1nek,<\/li>\n<li>abychom mohli slu\u017eby, kter\u00e9 poskytujeme, p\u0159izp\u016fsobovat Va\u0161im pot\u0159eb\u00e1m.<\/li>\n<\/ul>\n<p>Abychom mohli zpracov\u00e1vat osobn\u00ed \u00fadaje pro v\u00fd\u0161e uveden\u00e9 \u00fa\u010dely, uzav\u0159eli jsme s&nbsp;V\u00e1mi smlouvu, nebo prov\u00e1d\u00edme opat\u0159en\u00ed p\u0159ed uzav\u0159en\u00edm smlouvy na Va\u0161i \u017e\u00e1dost, p\u0159\u00edpadn\u011b jsme z\u00edskali V\u00e1\u0161 souhlas nebo jde o opr\u00e1vn\u011bn\u00fd z\u00e1jem spole\u010dnosti. Opr\u00e1vn\u011bn\u00fd z\u00e1jem spole\u010dnosti m\u016f\u017ee b\u00fdt:<\/p>\n<ul>\n<li>zlep\u0161en\u00ed nab\u00eddky slu\u017eeb na webov\u00fdch str\u00e1nk\u00e1ch na z\u00e1klad\u011b monitorov\u00e1n\u00ed chov\u00e1n\u00ed na webov\u00fdch str\u00e1nk\u00e1ch,<\/li>\n<li>ochrana pr\u00e1v spole\u010dnosti, a<\/li>\n<li>ur\u010den\u00ed, v\u00fdkon nebo obhajoba pr\u00e1vn\u00edch n\u00e1rok\u016f.<\/li>\n<\/ul>\n<h3>Mus\u00edm V\u00e1m osobn\u00ed \u00fadaje poskytnout?<\/h3>\n<p>Jestli\u017ee jste n\u00e1\u0161 z\u00e1kazn\u00edk nebo obchodn\u00ed partner, pot\u0159ebujeme Va\u0161e osobn\u00ed \u00fadaje k&nbsp;tomu, abychom V\u00e1m mohli dodat po\u017eadovanou slu\u017ebu, stru\u010dn\u011b \u0159e\u010deno, abychom mohli uzav\u0159\u00edt obchod.<\/p>\n<p>Jestli\u017ee jste n\u00e1v\u0161t\u011bvn\u00edk na\u0161ich internetov\u00fdch str\u00e1nek, sb\u00edr\u00e1me obecn\u011b pouze \u00fadaje, kter\u00e9 jsou nezbytn\u00e9 k&nbsp;provozu internetov\u00fdch str\u00e1nek.<\/p>\n<p>V&nbsp;\u017e\u00e1dn\u00e9m z&nbsp;v\u00fd\u0161e uveden\u00fdch p\u0159\u00edpad\u016f nevy\u017eadujeme nikdy v\u00edce osobn\u00edch \u00fadaj\u016f, tedy v\u011bt\u0161\u00ed rozsah osobn\u00edch \u00fadaj\u016f, ne\u017e je nezbytn\u00e9 pro p\u0159\u00edslu\u0161n\u00fd \u00fa\u010del zpracov\u00e1n\u00ed.<\/p>\n<h3>Mus\u00edm V\u00e1m d\u00e1vat v\u017edy souhlas ke zpracov\u00e1n\u00ed sv\u00fdch osobn\u00edch \u00fadaj\u016f?<\/h3>\n<p>V&nbsp;n\u011bkter\u00fdch p\u0159\u00edpadech bychom mohli pot\u0159ebovat ke zpracov\u00e1n\u00ed Va\u0161ich osobn\u00edch \u00fadaj\u016f V\u00e1\u0161 souhlas se zpracov\u00e1n\u00edm osobn\u00edch \u00fadaj\u016f. Jsme si v\u011bdomi, \u017ee ne v\u017edy je v\u0161ak zpracov\u00e1n\u00ed na souhlasu zalo\u017eeno, a proto budeme p\u0159\u00edpadn\u011b V\u00e1\u0161 souhlas vy\u017eadovat pouze tam, kde to bude nezbytn\u00e9 pro to, abychom mohli Va\u0161e osobn\u00ed \u00fadaje zpracov\u00e1vat.<\/p>\n<p>V&nbsp;sou\u010dasn\u00e9 dob\u011b nezpracov\u00e1v\u00e1me osobn\u00ed \u00fadaje pro \u00fa\u010dely, ke kter\u00fdm by bylo nezbytn\u00e9 vy\u017eadovat V\u00e1\u0161 souhlas se zpracov\u00e1n\u00edm osobn\u00edch \u00fadaj\u016f. Pokud by se n\u011bco m\u011blo zm\u011bnit, dali bychom V\u00e1m ur\u010dit\u011b v\u011bd\u011bt.<\/p>\n<h3>Jak dlouho budete moje osobn\u00ed \u00fadaje uchov\u00e1vat?<\/h3>\n<p>V&nbsp;p\u0159\u00edpad\u011b, \u017ee jste n\u00e1\u0161 z\u00e1kazn\u00edk a odeb\u00edr\u00e1te od n\u00e1s slu\u017eby nebo jste n\u00e1\u0161 obchodn\u00ed partner, zpracov\u00e1v\u00e1me Va\u0161e osobn\u00ed \u00fadaje po dobu 10 let ode dne uzav\u0159en\u00ed smlouvy, pokud se jedn\u00e1 o jednor\u00e1zovou z\u00e1le\u017eitost. Pokud spolu spolupracujeme dlouhodob\u011b na z\u00e1klad\u011b r\u00e1mcov\u00e9 \u010di jin\u00e9 uzav\u0159en\u00e9 smlouvy, tak uchov\u00e1v\u00e1me Va\u0161e osobn\u00ed \u00fadaje po dobu 10 let ode dne ukon\u010den\u00ed na\u0161\u00ed smlouvy.<\/p>\n<p>Podle p\u0159\u00edslu\u0161n\u00fdch pr\u00e1vn\u00edch p\u0159edpis\u016f jsme tak\u00e9 povinni uchov\u00e1vat nap\u0159. da\u0148ov\u00e9 doklady po dobu 10 let od konce zda\u0148ovac\u00edho obdob\u00ed, ve kter\u00e9m se pln\u011bn\u00ed uskute\u010dnilo, a to v\u010detn\u011b Va\u0161ich osobn\u00edch \u00fadaj\u016f na nich uveden\u00fdch.<\/p>\n<p>Osobn\u00ed \u00fadaje uchov\u00e1v\u00e1me v\u017edy po dobu nezbytnou a p\u0159im\u011b\u0159enou k&nbsp;dan\u00e9mu \u00fa\u010delu, tj. d\u016fvodu, pro\u010d Va\u0161e osobn\u00ed \u00fadaje zpracov\u00e1v\u00e1me. Doba uchov\u00e1n\u00ed je ur\u010dena zejm\u00e9na pomoc\u00ed n\u00e1sleduj\u00edc\u00ed logiky:<\/p>\n<ul>\n<li>po dobu trv\u00e1n\u00ed smluvn\u00edho z\u00e1vazku s&nbsp;V\u00e1mi,<\/li>\n<li>po dobu nezbytnou k&nbsp;ochran\u011b pr\u00e1v spole\u010dnosti,<\/li>\n<li>po dobu trv\u00e1n\u00ed opr\u00e1vn\u011bn\u00fdch z\u00e1jm\u016f spole\u010dnosti, pokud je takov\u00e1 doba p\u0159im\u011b\u0159en\u00e1 dan\u00e9mu \u00fa\u010delu zpracov\u00e1n\u00ed,<\/li>\n<li>po dobu ur\u010denou pr\u00e1vn\u00edmi p\u0159edpisy,<\/li>\n<li>po dobu nezbytnou k&nbsp;ur\u010den\u00ed, v\u00fdkonu nebo obhajob\u011b pr\u00e1vn\u00edch n\u00e1rok\u016f.<\/li>\n<\/ul>\n<h3>P\u0159ed\u00e1v\u00e1te m\u00e9 osobn\u00ed \u00fadaje n\u011bjak\u00fdm dal\u0161\u00edm osob\u00e1m?<\/h3>\n<p>K&nbsp;osobn\u00edm \u00fadaj\u016fm maj\u00ed ve spole\u010dnosti p\u0159\u00edstup pouze pov\u011b\u0159en\u00e9 osoby. K&nbsp;n\u011bkter\u00fdm osobn\u00edm \u00fadaj\u016fm m\u00e1 p\u0159\u00edstup na\u0161e \u00fa\u010detn\u00ed, zejm\u00e9na pokud jste n\u00e1\u0161 zam\u011bstnanec, z\u00e1kazn\u00edk nebo obchodn\u00ed partner. Tak\u00e9 m\u016f\u017eeme p\u0159ed\u00e1vat Va\u0161e osobn\u00ed \u00fadaje p\u0159\u00edslu\u0161n\u00fdm org\u00e1n\u016fm st\u00e1tn\u00ed spr\u00e1vy nebo ve\u0159ejn\u00e9 moci. D\u00e1le m\u016f\u017eeme p\u0159ed\u00e1vat osobn\u00ed \u00fadaje na\u0161im pr\u00e1vn\u00edm z\u00e1stupc\u016fm a dal\u0161\u00edm osob\u00e1m za \u00fa\u010delem ochrany na\u0161ich pr\u00e1v. V\u0161ichni tito p\u0159\u00edjemci Va\u0161ich osobn\u00edch \u00fadaj\u016f jsou povinni chr\u00e1nit Va\u0161e osobn\u00ed \u00fadaje stejn\u00fdm zp\u016fsobem jako my, tedy v&nbsp;souladu s&nbsp;platn\u00fdmi pr\u00e1vn\u00edmi p\u0159edpisy. Pokud tito p\u0159\u00edjemci zpracov\u00e1vaj\u00ed osobn\u00ed \u00fadaje jako zpracovatel\u00e9, m\u00e1me s&nbsp;nimi uzav\u0159en\u00e9 p\u0159\u00edslu\u0161n\u00e9 smlouvy.<\/p>\n<p>V&nbsp;r\u00e1mci zlep\u0161ov\u00e1n\u00ed a zkvalit\u0148ov\u00e1n\u00ed slu\u017eeb a vylep\u0161ov\u00e1n\u00ed na\u0161ich internetov\u00fdch str\u00e1nek a prodeje m\u016f\u017eeme pou\u017e\u00edvat dal\u0161\u00ed n\u00e1stroje jako Google Analytics.<\/p>\n<p>Pokud jste u\u017eivatelem na\u0161ich virtu\u00e1ln\u00edch asistent\u016f (chatbot\u016f\/voicebot\u016f), pak v r\u00e1mci technick\u00e9ho zaji\u0161t\u011bn\u00ed poskytovan\u00fdch slu\u017eeb vyu\u017e\u00edv\u00e1me i dal\u0161\u00ed zpracovatele:<\/p>\n<ol>\n<li>Microsoft\n<ul>\n<li>Microsoft Azure Cloud &#8211; ve kter\u00e9m b\u011b\u017e\u00ed Feedyou Platform a Power BI Reporting.<\/li>\n<li>Microsoft Cognitive Services &#8211; vyu\u017e\u00edv\u00e1me u na\u0161ich voicebot\u016f k p\u0159evodu textu na \u0159e\u010d.<\/li>\n<\/ul>\n<\/li>\n<li>Google (Google Cognitive Services) &#8211; vyu\u017e\u00edv\u00e1me u na\u0161ich voicebot\u016f k p\u0159evodu \u0159e\u010di na text.<\/li>\n<li>Linuxbox &#8211; poskytovatel telefonn\u00ed \u00fast\u0159edny pro na\u0161e voice &#8211; \u0159e\u0161en\u00ed.<\/li>\n<li>ZooControl s.r.o. (Go SMS) &#8211; vyu\u017e\u00edv\u00e1me pro rozes\u00edl\u00e1n\u00ed SMS zpr\u00e1v z na\u0161ich voicebot\u016f i chatbtot\u016f.<\/li>\n<\/ol>\n<h3>M\u00e1m n\u011bjak\u00e1 pr\u00e1va v&nbsp;souvislosti se zpracov\u00e1n\u00edm osobn\u00edch \u00fadaj\u016f?<\/h3>\n<p>Samoz\u0159ejm\u011b, n\u00e1le\u017e\u00ed V\u00e1m ve\u0161ker\u00e1 pr\u00e1va, je\u017e V\u00e1m p\u0159izn\u00e1vaj\u00ed pr\u00e1vn\u00ed p\u0159edpisy, a to zejm\u00e9na n\u00e1sleduj\u00edc\u00ed:<\/p>\n<ul>\n<li><strong>Pr\u00e1vo na p\u0159\u00edstup<\/strong>: M\u00e1te mo\u017enost n\u00e1s po\u017e\u00e1dat, abychom V\u00e1m sd\u011blili, jak\u00e9 Va\u0161e osobn\u00ed \u00fadaje zpracov\u00e1v\u00e1me a k&nbsp;t\u011bmto \u00fadaj\u016fm V\u00e1m m\u016f\u017ee b\u00fdt umo\u017en\u011bn i p\u0159\u00edstup, tedy poskytnuta kopie zpracov\u00e1van\u00fdch osobn\u00edch \u00fadaj\u016f.<\/li>\n<li><strong>Pr\u00e1vo na opravu<\/strong>: M\u016f\u017eete po n\u00e1s po\u017eadovat tak\u00e9 opravu nep\u0159esn\u00fdch nebo dopln\u011bn\u00ed ne\u00fapln\u00fdch osobn\u00edch \u00fadaj\u016f. Rovn\u011b\u017e n\u00e1s m\u016f\u017eete po\u017e\u00e1dat o v\u00fdmaz Va\u0161ich osobn\u00edch \u00fadaj\u016f, za ur\u010dit\u00fdch podm\u00ednek jsme povinni pak tyto osobn\u00ed \u00fadaje vymazat, ne v\u0161ak v\u017edy, v&nbsp;n\u011bkter\u00fdch p\u0159\u00edpadech si m\u016f\u017eeme osobn\u00ed \u00fadaje d\u00e1le ponechat.<\/li>\n<li><strong>Pr\u00e1vo na omezen\u00ed zpracov\u00e1n\u00ed<\/strong>: Tak\u00e9 m\u00e1te za ur\u010dit\u00fdch podm\u00ednek pr\u00e1vo po\u017eadovat omezen\u00ed zpracov\u00e1n\u00ed, nap\u0159. pokud pop\u00edr\u00e1te p\u0159esnost osobn\u00edch \u00fadaj\u016f a my jejich p\u0159esnost ov\u011b\u0159ujeme.<\/li>\n<li><strong>Pr\u00e1vo na p\u0159enositelnost<\/strong>: Pokud byste cht\u011bli zm\u011bnit poskytovatele slu\u017eeb, p\u0159\u00edpadn\u011b p\u0159edat osobn\u00ed \u00fadaje dal\u0161\u00edmu spr\u00e1vci osobn\u00edch \u00fadaj\u016f, m\u00e1te za ur\u010dit\u00fdch podm\u00ednek pr\u00e1vo na to, abychom V\u00e1m je poskytli ve strukturovan\u00e9m, b\u011b\u017en\u011b pou\u017e\u00edvan\u00e9m a strojov\u011b \u010diteln\u00e9m form\u00e1tu.<\/li>\n<li><strong>Pr\u00e1vo podat st\u00ed\u017enost u dozorov\u00e9ho \u00fa\u0159adu: <\/strong>V&nbsp;p\u0159\u00edpad\u011b, \u017ee m\u00e1te podez\u0159en\u00ed, \u017ee p\u0159i zpracov\u00e1n\u00ed Va\u0161ich osobn\u00edch \u00fadaj\u016f poru\u0161ujeme z\u00e1kon, \u010di jin\u00e9 platn\u00e9 pr\u00e1vn\u00ed p\u0159edpisy, m\u00e1te mo\u017enost podat st\u00ed\u017enost u \u00da\u0159adu na ochranu osobn\u00edch \u00fadaj\u016f.<\/li>\n<li><strong>Pr\u00e1vo neb\u00fdt p\u0159edm\u011btem automatizovan\u00e9ho individu\u00e1ln\u00edho rozhodov\u00e1n\u00ed, v\u010detn\u011b profilov\u00e1n\u00ed:<\/strong> Rovn\u011b\u017e m\u00e1te pr\u00e1vo neb\u00fdt p\u0159edm\u011btem automatizovan\u00e9ho individu\u00e1ln\u00edho rozhodov\u00e1n\u00ed, v\u010detn\u011b profilov\u00e1n\u00ed, toto v\u0161ak na\u0161e spole\u010dnost neprov\u00e1d\u00ed.<\/li>\n<\/ul>\n<p>Krom\u011b v\u00fd\u0161e uveden\u00fdch pr\u00e1v m\u00e1te je\u0161t\u011b pr\u00e1vo vzn\u00e9st n\u00e1mitku proti zpracov\u00e1n\u00ed t\u00fdkaj\u00edc\u00ed se Va\u0161\u00ed konkr\u00e9tn\u00ed situace, nap\u0159\u00edklad, pokud zpracov\u00e1v\u00e1me Va\u0161e osobn\u00ed \u00fadaje pro na\u0161e opr\u00e1vn\u011bn\u00e9 z\u00e1jmy.<\/p>\n<p>Ur\u010dit\u011b V\u00e1m r\u00e1di poskytneme v\u00edce informac\u00ed k&nbsp;v\u00fdkonu jednotliv\u00fdch pr\u00e1v, n\u00ed\u017ee naleznete kontaktn\u00ed \u00fadaje, kde n\u00e1s m\u016f\u017eete kontaktovat s&nbsp;jak\u00fdmkoliv dotazem t\u00fdkaj\u00edc\u00edm se ochrany Va\u0161ich osobn\u00edch \u00fadaj\u016f.<\/p>\n<h3>Kde se dozv\u00edm o zpracov\u00e1n\u00ed osobn\u00edch \u00fadaj\u016f a m\u00fdch pr\u00e1vech v\u00edce informac\u00ed?<\/h3>\n<p>Aktu\u00e1ln\u00ed informace o zpracov\u00e1n\u00ed Va\u0161ich osobn\u00edch \u00fadaj\u016f se dozv\u00edte v\u017edy prost\u0159ednictv\u00edm tohoto prohl\u00e1\u0161en\u00ed. Sledujte proto datum \u00fa\u010dinnosti prohl\u00e1\u0161en\u00ed na prvn\u00ed str\u00e1nce.<\/p>\n<p>Pokud by pro V\u00e1s v\u00fd\u0161e uveden\u00e9 nebylo dosta\u010duj\u00edc\u00ed a m\u011bli byste dal\u0161\u00ed ot\u00e1zky t\u00fdkaj\u00edc\u00ed se ochrany Va\u0161ich osobn\u00edch \u00fadaj\u016f, spole\u010dnost V\u00e1m je r\u00e1da zodpov\u00ed. Kontaktovat spole\u010dnost m\u016f\u017eete na v\u00fd\u0161e uveden\u00e9 adrese nebo prost\u0159ednictv\u00edm e-mailov\u00e9 adresy: <a href=\"mailto:gdpr@feedyou.ai\">gdpr@feedyou.ai<\/a>.<\/p>\n<h3><b>Povinn\u00e9 informace dle Na\u0159\u00edzen\u00ed o digit\u00e1ln\u00edch slu\u017eb\u00e1ch (DSA)<\/b><\/h3>\n<p>N\u00ed\u017ee dopln\u011bn\u00ed ke zpracov\u00e1n\u00ed osobn\u00edch \u00fadaj\u016f a poskytnut\u00ed povinn\u00fdch informac\u00ed podle Na\u0159\u00edzen\u00ed (EU)2022\/2065 o digit\u00e1ln\u00edch slu\u017eb\u00e1ch (Digital Services Act, d\u00e1le jen \u201eDSA\u201c).<\/p>\n<p><b>1. Jednotn\u00e9 kontaktn\u00ed m\u00edsto<\/b><\/p>\n<p>Pro \u00fa\u010dely komunikace s u\u017eivateli, org\u00e1ny ve\u0159ejn\u00e9 moci a dal\u0161\u00edmi opr\u00e1vn\u011bn\u00fdmi subjekty dle \u010dl\u00e1nku 11 a 12 DSA z\u0159izuje Feedyou s.r.o. toto kontaktn\u00ed m\u00edsto:<\/p>\n<p>&#8211; E-mail: dsa@feedyou.ai<br \/>\n&#8211; Telefon: +420 602 294 623<br \/>\n&#8211; ID DS: ddnhf85<br \/>\n&#8211; Po\u0161tovn\u00ed adresa: Feedyou s.r.o., Sta\u0148kova 1322, 530 03 Pardubice, \u010cesk\u00e1 republika<\/p>\n<p><b>2. Moderace obsahu a algoritmy<\/b><\/p>\n<p>Feedyou s.r.o. vyu\u017e\u00edv\u00e1 vlastn\u00ed AI platformu pro automatizovan\u00e9 konverza\u010dn\u00ed agenty.<\/p>\n<ul>\n<li aria-level=\"1\">Moderace u\u017eivatelsk\u00e9ho obsahu prob\u00edh\u00e1 prim\u00e1rn\u011b <strong>automatizovan\u00fdmi filtry<\/strong> (nap\u0159. nevhodn\u00fd jazyk, spam).<\/li>\n<li aria-level=\"1\">Kone\u010dn\u00e9 posouzen\u00ed je mo\u017en\u00e9 prov\u00e9st i <strong>lidsk\u00fdm p\u0159ezkumem<\/strong>.<\/li>\n<li aria-level=\"1\">Algoritmy doporu\u010dovac\u00edch syst\u00e9m\u016f jsou zalo\u017eeny na<strong> pravidlech definovan\u00fdch z\u00e1kazn\u00edkem a strojov\u00e9m u\u010den\u00ed<\/strong>. Tyto algoritmy neslou\u017e\u00ed k manipulaci chov\u00e1n\u00ed u\u017eivatele a neobsahuj\u00ed tzv. \u201edark patterns\u201c.<\/li>\n<\/ul>\n<p><b>3. Mechanismus \u201eNotice &amp; Action\u201c<\/b><\/p>\n<p>Pokud u\u017eivatel zjist\u00ed, \u017ee obsah zpracov\u00e1van\u00fd nebo zp\u0159\u00edstup\u0148ovan\u00fd prost\u0159ednictv\u00edm slu\u017eeb Feedyou je nez\u00e1konn\u00fd, m\u016f\u017ee podat ozn\u00e1men\u00ed:<\/p>\n<ul>\n<li style=\"list-style-type: none;\">\n<ul>\n<li style=\"font-weight: 400;\" aria-level=\"1\">Email: abuse@feedyou.ai<\/li>\n<\/ul>\n<\/li>\n<\/ul>\n<p><b>4. Intern\u00ed syst\u00e9m st\u00ed\u017enost\u00ed<\/b><\/p>\n<p>U\u017eivatel m\u016f\u017ee proti rozhodnut\u00ed o moderaci obsahu podat st\u00ed\u017enost do 6 m\u011bs\u00edc\u016f od doru\u010den\u00ed rozhodnut\u00ed.<\/p>\n<ul>\n<li style=\"list-style-type: none;\">\n<ul>\n<li style=\"font-weight: 400;\" aria-level=\"1\">St\u00ed\u017enost lze podat prost\u0159ednictv\u00edm emailu: <a href=\"mailto:complaints@feedyou.ai\">complaints@feedyou.ai<\/a><\/li>\n<li style=\"font-weight: 400;\" aria-level=\"1\">Feedyou p\u0159ezkoum\u00e1 rozhodnut\u00ed do 30 dn\u016f a u\u017eivateli za\u0161le v\u00fdsledek v\u010detn\u011b od\u016fvodn\u011bn\u00ed.<\/li>\n<\/ul>\n<\/li>\n<\/ul>\n<p><b>5. Mimosoudn\u00ed \u0159e\u0161en\u00ed spor\u016f<\/b><\/p>\n<p>Pokud u\u017eivatel nesouhlas\u00ed s v\u00fdsledkem intern\u00edho syst\u00e9mu st\u00ed\u017enost\u00ed, m\u00e1 mo\u017enost vyu\u017e\u00edt mimosoudn\u00ed \u0159e\u0161en\u00ed spor\u016f u subjekt\u016f uznan\u00fdch dle \u010dl\u00e1nku 21 DSA. Feedyou s.r.o. bude s t\u011bmito subjekty spolupracovat.<\/p>\n<p><b>6. Ochrana<\/b> <b>nezletil\u00fdch<\/b><\/p>\n<p>Pokud slu\u017eby Feedyou vyu\u017e\u00edvaj\u00ed nezletil\u00ed, zaji\u0161\u0165ujeme, aby podm\u00ednky u\u017e\u00edv\u00e1n\u00ed a z\u00e1sady ochrany byly vysv\u011btleny srozumiteln\u011b, jednoduch\u00fdm jazykem a vizu\u00e1ln\u00ed formou. Reklama c\u00edlen\u00e1 na nezletil\u00e9 nen\u00ed prost\u0159ednictv\u00edm na\u0161ich slu\u017eeb podporov\u00e1na.<\/p>\n<p><b>7. Spolupr\u00e1ce s d\u016fv\u011bryhodn\u00fdmi oznamovateli<\/b><\/p>\n<p>Feedyou spolupracuje s tzv. \u201etrusted flaggers\u201c, kte\u0159\u00ed maj\u00ed zvl\u00e1\u0161tn\u00ed opr\u00e1vn\u011bn\u00ed pod\u00e1vat ozn\u00e1men\u00ed o nez\u00e1konn\u00e9m obsahu. Tato ozn\u00e1men\u00ed jsou zpracov\u00e1v\u00e1na p\u0159ednostn\u011b.<\/p>\n<p><b>8. Z\u00e1kaz \u201edark patterns\u201c<\/b><\/p>\n<p>Feedyou v\u00fdslovn\u011b prohla\u0161uje, \u017ee ve sv\u00fdch platform\u00e1ch a produktech<b>nevyu\u017e\u00edv\u00e1 manipulativn\u00ed n\u00e1vrhy rozhran\u00ed,<\/b> kter\u00e9 by u\u017eivatele klamaly nebo nutili k ne\u017e\u00e1douc\u00edm volb\u00e1m.<\/p>\n<p>M\u016f\u017eete tak\u00e9 kontaktovat pov\u011b\u0159ence pro ochranu osobn\u00edch \u00fadaj\u016f prost\u0159ednictv\u00edm n\u00e1sleduj\u00edc\u00edch kontaktn\u00edch \u00fadaj\u016f:<\/p>\n<p>Pov\u011b\u0159enec pro ochranu osobn\u00edch \u00fadaj\u016f<br \/>\n<strong>JUDr. Ing. Jaroslav \u0160vamberk<br \/>\n<\/strong><a href=\"mailto:svamberk@poverenec.info\"><strong>svamberk@poverenec.info<\/strong><\/a>[\/vc_column_text][\/vc_column][vc_column width=&#8220;1\/6&#8243;][\/vc_column][\/vc_row][vc_row][vc_column][vc_empty_space height=&#8220;45px&#8220;][\/vc_column][\/vc_row][\/vc_section][vc_section disable_element=&#8220;yes&#8220; el_class=&#8220;vc_section-fullwidth section-padding_80 section-bg_purple&#8220;][vc_row][vc_column width=&#8220;1\/2&#8243;][vc_column_text]<\/p>\n<h1><span class=\"h-filson\">Let\u2019s create <\/span><span class=\"h-dashiell\">something great together<\/span><\/h1>\n<p>[\/vc_column_text][vc_column_text el_class=&#8220;hero-section_p&#8220;]Whether you\u2019re interested in a&nbsp;custom solution, keys to our Feedyou Platform, or would like to partner with us, we\u2019d be happy to sit down with you over coffee and discuss everything.[\/vc_column_text][vc_btn title=&#8220;Let&#8217;s talk!&#8220; el_class=&#8220;btn_primary_yellow&#8220; link=&#8220;url:https%3A%2F%2Fcal.com%2Fvojtech-dlouhy%2F30min|&#8220;][\/vc_column][vc_column width=&#8220;1\/2&#8243;][vc_single_image image=&#8220;29246&#8243; img_size=&#8220;full&#8220; el_class=&#8220;section-big-image&#8220;][\/vc_column][\/vc_row][\/vc_section]<\/p>\n<\/div>","protected":false},"excerpt":{"rendered":"<p>[vc_section el_class=&#8220;vc_section-fullwidth&#8220;][vc_row][vc_column][vc_empty_space height=&#8220;60px&#8220;][\/vc_column][\/vc_row][vc_row][vc_column width=&#8220;1\/6&#8243; offset=&#8220;vc_hidden-xs&#8220;][\/vc_column][vc_column width=&#8220;2\/3&#8243;][vc_column_text css_animation=&#8220;none&#8220;] Ochrana osobn\u00edch \u00fadaj\u016f [\/vc_column_text][vc_column_text el_class=&#8220;hero-section_p&#8220;] Datum \u00fa\u010dinnosti: 01.03.2021 [\/vc_column_text][\/vc_column][vc_column width=&#8220;1\/6&#8243;][\/vc_column][\/vc_row][\/vc_section][vc_section el_class=&#8220;vc_section-fullwidth calc-section cf7-lead-white&#8220;][vc_row][vc_column width=&#8220;1\/6&#8243;][\/vc_column][vc_column width=&#8220;2\/3&#8243;][vc_column_text css=&#8220;&#8220;]Spole\u010dnost Feedyou s.r.o., I\u010c: 029 27&nbsp;438, se s\u00eddlem Sta\u0148kova 1322, 530 02 Pardubice, zapsan\u00e1 v obchodn\u00edm rejst\u0159\u00edku veden\u00e9m u Krajsk\u00e9ho soudu v&nbsp;Hradci Kr\u00e1lov\u00e9, odd\u00edl C, vlo\u017eka 33539 (d\u00e1le jen \u201espr\u00e1vce\u201c, \u201espole\u010dnost\u201c nebo \u201emy\u201c) <\/p>\n<p><a class=\"btn btn-secondary understrap-read-more-link\" href=\"https:\/\/feedyou.ai\/cs\/ochrana-osobnich-udaju\/\">Zjist\u011bte v\u00edce&#8230;<\/a><\/p>\n","protected":false},"author":20,"featured_media":0,"parent":0,"menu_order":73,"comment_status":"closed","ping_status":"closed","template":"page-templates\/fullwidthpage.php","meta":{"_acf_changed":false,"inline_featured_image":false,"h5ap_radio_sources":[],"footnotes":""},"class_list":["post-32080","page","type-page","status-publish","hentry"],"acf":[],"_links":{"self":[{"href":"https:\/\/feedyou.ai\/cs\/wp-json\/wp\/v2\/pages\/32080","targetHints":{"allow":["GET"]}}],"collection":[{"href":"https:\/\/feedyou.ai\/cs\/wp-json\/wp\/v2\/pages"}],"about":[{"href":"https:\/\/feedyou.ai\/cs\/wp-json\/wp\/v2\/types\/page"}],"author":[{"embeddable":true,"href":"https:\/\/feedyou.ai\/cs\/wp-json\/wp\/v2\/users\/20"}],"replies":[{"embeddable":true,"href":"https:\/\/feedyou.ai\/cs\/wp-json\/wp\/v2\/comments?post=32080"}],"version-history":[{"count":3,"href":"https:\/\/feedyou.ai\/cs\/wp-json\/wp\/v2\/pages\/32080\/revisions"}],"predecessor-version":[{"id":54343,"href":"https:\/\/feedyou.ai\/cs\/wp-json\/wp\/v2\/pages\/32080\/revisions\/54343"}],"wp:attachment":[{"href":"https:\/\/feedyou.ai\/cs\/wp-json\/wp\/v2\/media?parent=32080"}],"curies":[{"name":"wp","href":"https:\/\/api.w.org\/{rel}","templated":true}]}}