{"id":28675,"date":"2022-09-14T10:07:27","date_gmt":"2022-09-14T08:07:27","guid":{"rendered":"https:\/\/feedyou.ai\/kontaktujte-nas\/"},"modified":"2025-08-28T16:32:58","modified_gmt":"2025-08-28T14:32:58","slug":"skontaktuj-sie-z-nami","status":"publish","type":"page","link":"https:\/\/feedyou.ai\/pl\/skontaktuj-sie-z-nami\/","title":{"rendered":"Skontaktuj si\u0119 z nami | Feedyou"},"content":{"rendered":"<div class=\"wpb-content-wrapper\"><p>[vc_row el_class=&#8221;section-padding&#8221;][vc_column width=&#8221;1\/4&#8243; offset=&#8221;vc_hidden-xs&#8221;][\/vc_column][vc_column width=&#8221;1\/2&#8243;][vc_column_text css_animation=&#8221;none&#8221;]<\/p>\n<h1 class=\"header-headline\" style=\"text-align: center;\"><span class=\"header-h-2\">Skontaktuj si\u0119<\/span><span class=\"header-h-1\"> z&nbsp;nami<\/span><\/h1>\n<p>[\/vc_column_text][vc_column_text]<\/p>\n<p class=\"p-subheadline\" style=\"text-align: center;\">Niezale\u017cnie od tego, czy korzystasz z formularza, chatbota, wysy\u0142asz nam e-mail, czy nawet go\u0142\u0119bia\u2026 Nasi konsultanci skontaktuj\u0105 si\u0119 z Tob\u0105, zanim powiesz \u201esztuczna inteligencja\u201d!<\/p>\n<p>[\/vc_column_text][\/vc_column][vc_column width=&#8221;1\/4&#8243;][vc_single_image image=&#8221;27792&#8243; img_size=&#8221;full&#8221; el_class=&#8221;emoji&#8221;][\/vc_column][\/vc_row][vc_section el_class=&#8221;blog-post-image blog-post-row&#8221;][vc_row][vc_column][vc_raw_js]JTNDc2NyaXB0JTIwZGF0YS1iMjQtZm9ybSUzRCUyMmlubGluZSUyRjI3JTJGdnh1ZWxwJTIyJTIwZGF0YS1za2lwLW1vdmluZyUzRCUyMnRydWUlMjIlM0UlMjhmdW5jdGlvbiUyOHclMkNkJTJDdSUyOSU3QnZhciUyMHMlM0RkLmNyZWF0ZUVsZW1lbnQlMjglMjdzY3JpcHQlMjclMjklM0JzLmFzeW5jJTNEdHJ1ZSUzQnMuc3JjJTNEdSUyQiUyNyUzRiUyNyUyQiUyOERhdGUubm93JTI4JTI5JTJGMTgwMDAwJTdDMCUyOSUzQnZhciUyMGglM0RkLmdldEVsZW1lbnRzQnlUYWdOYW1lJTI4JTI3c2NyaXB0JTI3JTI5JTVCMCU1RCUzQmgucGFyZW50Tm9kZS5pbnNlcnRCZWZvcmUlMjhzJTJDaCUyOSUzQiU3RCUyOSUyOHdpbmRvdyUyQ2RvY3VtZW50JTJDJTI3aHR0cHMlM0ElMkYlMkZjZG4uYml0cml4MjQuY29tJTJGYjYxMDAxMzclMkZjcm0lMkZmb3JtJTJGbG9hZGVyXzI3LmpzJTI3JTI5JTNCJTNDJTJGc2NyaXB0JTNFJTBB[\/vc_raw_js][\/vc_column][\/vc_row][\/vc_section][vc_section][vc_row][vc_column][vc_column_text]<\/p>\n<p style=\"text-align: center;\">Lub um\u00f3w si\u0119 z&nbsp;nami bezpo\u015brednio<\/p>\n<p>[\/vc_column_text][vc_row_inner el_class=&#8221;fy-other-contact&#8221;][vc_column_inner][vc_btn title=&#8221;Um\u00f3wi\u0107 si\u0119 na spotkanie&#8221; el_class=&#8221;btn-homepage_secondary&#8221; link=&#8221;url:https%3A%2F%2Fcal.com%2Fvojtech-dlouhy%2F30min|title:Cal.com&#8221;][\/vc_column_inner][\/vc_row_inner][\/vc_column][\/vc_row][vc_row][vc_column][vc_empty_space][\/vc_column][\/vc_row][\/vc_section][vc_section disable_element=&#8221;yes&#8221;][vc_row][vc_column][vc_column_text]<\/p>\n<p style=\"text-align: center;\">Nebo si s n\u00e1mi rovnou domluvte sch\u016fzku, p\u0159\u00edpadn\u011b vyto\u010dte na\u0161eho voicebota<\/p>\n<p>[\/vc_column_text][vc_row_inner el_class=&#8221;fy-other-contact&#8221;][vc_column_inner width=&#8221;1\/2&#8243;][vc_btn title=&#8221;Domluvit sch\u016fzku&#8221; el_class=&#8221;btn-homepage_secondary&#8221; link=&#8221;url:https%3A%2F%2Fcalendly.com%2Ffeedyou%2Fvojtech-dlouhy|title:Calendly||&#8221;][\/vc_column_inner][vc_column_inner width=&#8221;1\/2&#8243;][vc_column_text]<\/p>\n<p class=\"fy-other-contact_number\"><a href=\"tel:765432100\">765 432 100<\/a><\/p>\n<p>[\/vc_column_text][\/vc_column_inner][\/vc_row_inner][\/vc_column][\/vc_row][vc_row][vc_column][vc_empty_space][\/vc_column][\/vc_row][\/vc_section][vc_section el_class=&#8221;vc_section-fullwidth vc_section-bg border-top&#8221;][vc_row el_class=&#8221;svg-40&#215;40&#8243;][vc_column width=&#8221;1\/4&#8243;][vc_single_image image=&#8221;28711&#8243; img_size=&#8221;&#8221;][vc_column_text]<\/p>\n<h3>Siedziba g\u0142\u00f3wna<\/h3>\n<p>[\/vc_column_text][vc_column_text css=&#8221;&#8221;]Budynek administracyjny Palachovka<br \/>\nJana Palacha 2944<br \/>\n530 02 Pardubice<br \/>\nCzechy<\/p>\n<p><a href=\"mailto:hello@feedyou.ai\">hello@feedyou.ai<\/a><br \/>\n<a href=\"mailto:sales@feedyou.ai\">sales@feedyou.ai<\/a><br \/>\n<a href=\"mailto:hr@feedyou.ai\">hr@feedyou.ai<\/a>[\/vc_column_text][\/vc_column][vc_column width=&#8221;1\/4&#8243;][vc_single_image image=&#8221;28714&#8243; img_size=&#8221;&#8221;][vc_column_text]<\/p>\n<h3>Biuro UK<\/h3>\n<p>[\/vc_column_text][vc_column_text]1 Pope Street<br \/>\nLondon SE1 3PR<br \/>\nUnited Kingdom[\/vc_column_text][\/vc_column][vc_column width=&#8221;1\/4&#8243;][vc_single_image image=&#8221;28714&#8243; img_size=&#8221;&#8221;][vc_column_text]<\/p>\n<h3>Biuro PL<\/h3>\n<p>[\/vc_column_text][vc_column_text]Sucha 3<br \/>\nWroc\u0142aw 50-086<br \/>\nPolska[\/vc_column_text][\/vc_column][vc_column width=&#8221;1\/4&#8243;][vc_single_image image=&#8221;28717&#8243; img_size=&#8221;&#8221;][vc_column_text]<\/p>\n<h3>Dane firmowe<\/h3>\n<p>[\/vc_column_text][vc_column_text]Feedyou polska sp\u00f3\u0142ka z ograniczon\u0105 odpowiedzialno\u015bci\u0105<br \/>\nPl. Solny 15<br \/>\n50-062 Wroc\u0142aw<br \/>\nPoland<\/p>\n<p>ID: 524694617<br \/>\nVAT ID: PL8971919359<\/p>\n<p><a href=\"mailto:fakturace@feedyou.ai\">fakturace@feedyou.ai<\/a>[\/vc_column_text][\/vc_column][\/vc_row][\/vc_section]<\/p>\n<\/div>","protected":false},"excerpt":{"rendered":"<p>[vc_row el_class=&#8221;section-padding&#8221;][vc_column width=&#8221;1\/4&#8243; offset=&#8221;vc_hidden-xs&#8221;][\/vc_column][vc_column width=&#8221;1\/2&#8243;][vc_column_text css_animation=&#8221;none&#8221;] Skontaktuj si\u0119 z&nbsp;nami [\/vc_column_text][vc_column_text] Niezale\u017cnie od tego, czy korzystasz z formularza, chatbota, wysy\u0142asz nam e-mail, czy nawet go\u0142\u0119bia\u2026 Nasi konsultanci skontaktuj\u0105 si\u0119 z Tob\u0105, zanim powiesz \u201esztuczna inteligencja\u201d! [\/vc_column_text][\/vc_column][vc_column width=&#8221;1\/4&#8243;][vc_single_image image=&#8221;27792&#8243; img_size=&#8221;full&#8221; el_class=&#8221;emoji&#8221;][\/vc_column][\/vc_row][vc_section el_class=&#8221;blog-post-image blog-post-row&#8221;][vc_row][vc_column][vc_raw_js]JTNDc2NyaXB0JTIwZGF0YS1iMjQtZm9ybSUzRCUyMmlubGluZSUyRjI3JTJGdnh1ZWxwJTIyJTIwZGF0YS1za2lwLW1vdmluZyUzRCUyMnRydWUlMjIlM0UlMjhmdW5jdGlvbiUyOHclMkNkJTJDdSUyOSU3QnZhciUyMHMlM0RkLmNyZWF0ZUVsZW1lbnQlMjglMjdzY3JpcHQlMjclMjklM0JzLmFzeW5jJTNEdHJ1ZSUzQnMuc3JjJTNEdSUyQiUyNyUzRiUyNyUyQiUyOERhdGUubm93JTI4JTI5JTJGMTgwMDAwJTdDMCUyOSUzQnZhciUyMGglM0RkLmdldEVsZW1lbnRzQnlUYWdOYW1lJTI4JTI3c2NyaXB0JTI3JTI5JTVCMCU1RCUzQmgucGFyZW50Tm9kZS5pbnNlcnRCZWZvcmUlMjhzJTJDaCUyOSUzQiU3RCUyOSUyOHdpbmRvdyUyQ2RvY3VtZW50JTJDJTI3aHR0cHMlM0ElMkYlMkZjZG4uYml0cml4MjQuY29tJTJGYjYxMDAxMzclMkZjcm0lMkZmb3JtJTJGbG9hZGVyXzI3LmpzJTI3JTI5JTNCJTNDJTJGc2NyaXB0JTNFJTBB[\/vc_raw_js][\/vc_column][\/vc_row][\/vc_section][vc_section][vc_row][vc_column][vc_column_text] Lub um\u00f3w si\u0119 z&nbsp;nami bezpo\u015brednio [\/vc_column_text][vc_row_inner el_class=&#8221;fy-other-contact&#8221;][vc_column_inner][vc_btn title=&#8221;Um\u00f3wi\u0107 si\u0119 na spotkanie&#8221; el_class=&#8221;btn-homepage_secondary&#8221; link=&#8221;url:https%3A%2F%2Fcal.com%2Fvojtech-dlouhy%2F30min|title:Cal.com&#8221;][\/vc_column_inner][\/vc_row_inner][\/vc_column][\/vc_row][vc_row][vc_column][vc_empty_space][\/vc_column][\/vc_row][\/vc_section][vc_section disable_element=&#8221;yes&#8221;][vc_row][vc_column][vc_column_text] <\/p>\n<p><a class=\"btn btn-secondary understrap-read-more-link\" href=\"https:\/\/feedyou.ai\/pl\/skontaktuj-sie-z-nami\/\">Czytaj dalej\u2026<\/a><\/p>\n","protected":false},"author":20,"featured_media":0,"parent":0,"menu_order":73,"comment_status":"closed","ping_status":"closed","template":"page-templates\/fullwidthpage.php","meta":{"_acf_changed":false,"inline_featured_image":false,"h5ap_radio_sources":[],"footnotes":""},"class_list":["post-28675","page","type-page","status-publish","hentry"],"acf":[],"_links":{"self":[{"href":"https:\/\/feedyou.ai\/pl\/wp-json\/wp\/v2\/pages\/28675","targetHints":{"allow":["GET"]}}],"collection":[{"href":"https:\/\/feedyou.ai\/pl\/wp-json\/wp\/v2\/pages"}],"about":[{"href":"https:\/\/feedyou.ai\/pl\/wp-json\/wp\/v2\/types\/page"}],"author":[{"embeddable":true,"href":"https:\/\/feedyou.ai\/pl\/wp-json\/wp\/v2\/users\/20"}],"replies":[{"embeddable":true,"href":"https:\/\/feedyou.ai\/pl\/wp-json\/wp\/v2\/comments?post=28675"}],"version-history":[{"count":1,"href":"https:\/\/feedyou.ai\/pl\/wp-json\/wp\/v2\/pages\/28675\/revisions"}],"predecessor-version":[{"id":54179,"href":"https:\/\/feedyou.ai\/pl\/wp-json\/wp\/v2\/pages\/28675\/revisions\/54179"}],"wp:attachment":[{"href":"https:\/\/feedyou.ai\/pl\/wp-json\/wp\/v2\/media?parent=28675"}],"curies":[{"name":"wp","href":"https:\/\/api.w.org\/{rel}","templated":true}]}}