{"id":32085,"date":"2023-07-31T12:34:08","date_gmt":"2023-07-31T10:34:08","guid":{"rendered":"https:\/\/feedyou.ai\/polityka-prywatnosci-feedyou\/"},"modified":"2025-09-18T09:31:06","modified_gmt":"2025-09-18T07:31:06","slug":"polityka-prywatnosci","status":"publish","type":"page","link":"https:\/\/feedyou.ai\/pl\/polityka-prywatnosci\/","title":{"rendered":"Polityka prywatno\u015bci | Feedyou"},"content":{"rendered":"<div class=\"wpb-content-wrapper\"><p>[vc_section el_class=&#8221;vc_section-fullwidth&#8221;][vc_row][vc_column][vc_empty_space height=&#8221;60px&#8221;][\/vc_column][\/vc_row][vc_row][vc_column width=&#8221;1\/6&#8243; offset=&#8221;vc_hidden-xs&#8221;][\/vc_column][vc_column width=&#8221;2\/3&#8243;][vc_column_text css_animation=&#8221;none&#8221;]<\/p>\n<h1 style=\"text-align: center;\"><span class=\"h-dashiell\">Polityka <\/span><span class=\"h-filson\"> Prywatno\u015bci<\/span><\/h1>\n<p>[\/vc_column_text][vc_column_text el_class=&#8221;hero-section_p&#8221;]<\/p>\n<p style=\"text-align: center;\">Data wej\u015bcia w&nbsp;\u017cycie: 01.03.2021<\/p>\n<p>[\/vc_column_text][\/vc_column][vc_column width=&#8221;1\/6&#8243;][\/vc_column][\/vc_row][\/vc_section][vc_section el_class=&#8221;vc_section-fullwidth calc-section cf7-lead-white&#8221;][vc_row][vc_column width=&#8221;1\/6&#8243;][\/vc_column][vc_column width=&#8221;2\/3&#8243;][vc_column_text css=&#8221;&#8221;]Sp\u00f3\u0142ka <strong>Feedyou s.r.o., <\/strong>nr rej. 029 27 438, z siedzib\u0105 pod adresem Sta\u0148kova 1322, 530 02 Pardubice, zarejestrowana w Rejestrze Handlowym prowadzonym przez S\u0105d Okr\u0119gowy w Hradec Kr\u00e1lov\u00e9, sekcja C, plik 33539 (zwana dalej &#8222;<strong>administratorem<\/strong>&#8222;, &#8222;<strong>sp\u00f3\u0142k\u0105<\/strong>&#8221; lub &#8222;<strong>nami<\/strong>&#8222;) uznaje znaczenie ochrony danych osobowych u\u017cytkownika i dlatego opracowa\u0142a niniejsz\u0105 Informacj\u0119 o ochronie prywatno\u015bci (Informacj\u0119 o przetwarzaniu danych osobowych) opisuj\u0105c\u0105, w jaki spos\u00f3b sp\u00f3\u0142ka przetwarza dane osobowe u\u017cytkownika i w jaki spos\u00f3b nast\u0119pnie si\u0119 z nimi obchodzi.<\/p>\n<p>Przetwarzamy dane osobowe u\u017cytkownika w przypadku, gdy jest on partnerem biznesowym, klientem, kandydatem ubiegaj\u0105cym si\u0119 o prac\u0119 lub odwiedzaj\u0105cym strony internetowe firmy.<\/p>\n<h3>Jakie dane osobowe przetwarzacie?<\/h3>\n<p>Je\u015bli jeste\u015b naszym klientem, przetwarzamy Twoje dane osobowe, kt\u00f3re s\u0105 niezb\u0119dne do wykonania umowy zawartej na podstawie Twojego zam\u00f3wienia, tj. dane identyfikacyjne, takie jak imi\u0119, nazwisko, adres dostawy lub adres sta\u0142ego zamieszkania, data urodzenia oraz dane kontaktowe, takie jak numer telefonu i adres e-mail. Mo\u017cemy r\u00f3wnie\u017c przetwarza\u0107 dane osobowe podane przez Ciebie w formularzu kontaktowym na naszych stronach internetowych.<\/p>\n<p>Je\u015bli jeste\u015b naszym partnerem biznesowym, przetwarzamy identyfikacyjne dane osobowe, takie jak imi\u0119, nazwisko, adres lub ewentualnie adres siedziby Twojej firmy oraz dane kontaktowe, takie jak adres e-mail i numer telefonu, a tak\u017ce ewentualnie numer identyfikacyjny lub numer identyfikacji podatkowej. Mo\u017ce to dotyczy\u0107 Twoich danych osobowych, je\u015bli jeste\u015b osob\u0105 fizyczn\u0105 &#8211; przedsi\u0119biorc\u0105 lub danych przedstawicieli i os\u00f3b kontaktowych Twojej firmy.<\/p>\n<p>Je\u015bli jeste\u015b kandydatem poszukuj\u0105cym pracy w naszej firmie, przetwarzamy dane osobowe, kt\u00f3re przekaza\u0142e\u015b nam w trakcie procedur rekrutacyjnych lub w dostarczonym CV.<\/p>\n<p>Je\u015bli odwiedzasz strony internetowe firmy, przetwarzamy dane osobowe dotycz\u0105ce Twojego zachowania na naszych stronach internetowych i ewentualnie inne dane identyfikacyjne online, takie jak adres IP lub pliki cookie.<\/p>\n<h3>Dlaczego przetwarzacie moje dane osobowe?<\/h3>\n<p>Przetwarzamy Twoje dane osobowe na kilku podstawach opisanych poni\u017cej. Ponadto ka\u017cdy z wymienionych powod\u00f3w musi by\u0107 poparty podstaw\u0105 prawn\u0105 przetwarzania, aby zapewni\u0107, \u017ce przetwarzanie danych osobowych przez sp\u00f3\u0142k\u0119 jest legalne i zgodne z odpowiednimi przepisami prawa.<\/p>\n<p>Powody lub cele, dla kt\u00f3rych przetwarzamy dane osobowe u\u017cytkownika, obejmuj\u0105 w szczeg\u00f3lno\u015bci nast\u0119puj\u0105ce kwestie:<\/p>\n<ul>\n<li>aby m\u00f3c \u015bwiadczy\u0107 u\u017cytkownikowi uzgodnione us\u0142ugi,<\/li>\n<li>w celu spe\u0142nienia wymog\u00f3w ustawowych maj\u0105cych zastosowanie do nas jako dostawcy po\u0142\u0105czenia internetowego,<\/li>\n<li>je\u015bli jeste\u015b naszym partnerem biznesowym, aby m\u00f3c si\u0119 z Tob\u0105 skontaktowa\u0107 i skutecznie komunikowa\u0107 si\u0119 z Tob\u0105 w sprawie naszej wsp\u00f3\u0142pracy,<\/li>\n<li>aby skontaktowa\u0107 si\u0119 z Tob\u0105 w przypadku wolnego stanowiska, kt\u00f3rym, wed\u0142ug nas, m\u00f3g\u0142by\u015b by\u0107 zainteresowany,<\/li>\n<li>aby m\u00f3c zawrze\u0107 z Tob\u0105 umow\u0119 o prac\u0119 (jako wybranym kandydatem do pracy),<\/li>\n<li>w celu skontaktowania si\u0119 z Tob\u0105 i zaoferowania naszych us\u0142ug oraz poinformowania o dzia\u0142aniach i nowo\u015bciach,<\/li>\n<li>w celu skontaktowania si\u0119 z Tob\u0105 po wype\u0142nieniu przez Ciebie formularza kontaktowego na stronie internetowej,<\/li>\n<li>aby m\u00f3c zaoferowa\u0107 Ci nasze us\u0142ugi na podstawie Twojego zapytania za po\u015brednictwem formularza zapytania na naszych stronach internetowych,<\/li>\n<li>w celu podj\u0119cia odpowiednich krok\u00f3w prawnych w przypadku braku zap\u0142aty za nasze us\u0142ugi,<\/li>\n<li>w celu zapewnienia u\u017cytkownikowi lepszych wra\u017ce\u0144 z wizyty na naszych stronach internetowych,<\/li>\n<li>w celu dostosowania \u015bwiadczonych przez nas us\u0142ug do potrzeb u\u017cytkownika.<\/li>\n<\/ul>\n<p>Aby m\u00f3c przetwarza\u0107 dane osobowe w wy\u017cej wymienionych celach, zawarli\u015bmy z Tob\u0105 umow\u0119 lub wdra\u017camy \u015brodki przed zawarciem takiej umowy na Twoje \u017c\u0105danie, ewentualnie uzyskali\u015bmy Twoj\u0105 zgod\u0119 lub jest to uzasadniony interes firmy. Prawnie uzasadniony interes sp\u00f3\u0142ki mo\u017ce obejmowa\u0107:<\/p>\n<ul>\n<li>iulepszanie oferty us\u0142ug na stronach internetowych na podstawie monitorowania zachowa\u0144 na stronach internetowych,<\/li>\n<li>ochrona praw firmy, oraz<\/li>\n<li>okre\u015blenie, wykonywanie lub obrona roszcze\u0144 prawnych.<\/li>\n<\/ul>\n<h3>Czy musz\u0119 poda\u0107 Wam swoje dane osobowe?<\/h3>\n<p>Je\u017celi jeste\u015b naszym klientem lub partnerem biznesowym, potrzebujemy Twoich danych osobowych, aby m\u00f3c dostarczy\u0107 Ci wymaganych towar\u00f3w, lub m\u00f3wi\u0105c kr\u00f3tko &#8211; w celu prowadzenia dzia\u0142alno\u015bci gospodarczej.<\/p>\n<p>Je\u015bli jeste\u015b go\u015bciem na naszych stronach, zwykle zbieramy tylko te dane, kt\u00f3re potrzebne s\u0105 do dzia\u0142ania stron<\/p>\n<p>W \u017cadnym z powy\u017cszych przypadk\u00f3w nie \u017c\u0105damy wi\u0119kszej ilo\u015bci danych osobowych, tj. wi\u0119kszego zakresu danych osobowych, ni\u017c jest to konieczne do odpowiedniego celu przetwarzania.<\/p>\n<h3>Czy zawsze musz\u0119 wyrazi\u0107 zgod\u0119 na przetwarzanie moich danych osobowych?<\/h3>\n<p>Aby przetwarza\u0107 Twoje dane osobowe, w niekt\u00f3rych przypadkach mo\u017cemy potrzebowa\u0107 Twojej zgody. Jeste\u015bmy \u015bwiadomi faktu, \u017ce nie zawsze opiera si\u0119 to na zgodzie, dlatego b\u0119dziemy prosi\u0107 o ni\u0105 tylko wtedy, gdy b\u0119dzie to konieczne, aby m\u00f3c przetwarza\u0107 dane osobowe.<\/p>\n<p>Obecnie nie przetwarzamy danych osobowych w celach, dla kt\u00f3rych konieczne by\u0142oby uzyskanie zgody u\u017cytkownika na przetwarzanie danych osobowych. W przypadku jakichkolwiek zmian z pewno\u015bci\u0105 poinformujemy o tym u\u017cytkownika.<\/p>\n<h3>Jak d\u0142ugo b\u0119dziecie trzyma\u0107 moje dane osobowe?<\/h3>\n<p>W przypadku, gdy jeste\u015b naszym klientem i odbierasz od nas towary lub jeste\u015b naszym partnerem biznesowym, przetwarzamy Twoje dane osobowe przez 10 lat od dnia zawarcia umowy, je\u015bli jest to jednorazowa transakcja. Je\u015bli wsp\u00f3\u0142pracujemy d\u0142ugoterminowo na podstawie umowy ramowej lub innej zawartej umowy, zawsze przechowujemy Twoje dane osobowe przez 10 lat od dnia zako\u0144czenia naszej umowy.<\/p>\n<p>Zgodnie z odpowiednimi przepisami prawa musimy r\u00f3wnie\u017c przechowywa\u0107 na przyk\u0142ad dokumenty podatkowe przez 10 lat od ko\u0144ca okresu rozliczeniowego, w kt\u00f3rym nast\u0105pi\u0142a realizacja dostawy, w tym dane osobowe w nich zawarte.<\/p>\n<p>Zawsze przechowujemy dane osobowe przez okres niezb\u0119dny i adekwatny do danego celu, tj. powodu, dla kt\u00f3rego przetwarzamy dane osobowe. Czas ich przechowywania jest okre\u015blany g\u0142\u00f3wnie na podstawie nast\u0119puj\u0105cej logiki:<\/p>\n<ul>\n<li>przez czas trwania naszego zobowi\u0105zania umownego wobec u\u017cytkownika,<\/li>\n<li>przez czas niezb\u0119dny do ochrony praw firmy,<\/li>\n<li>przez czas trwania uzasadnionych interes\u00f3w firmy, je\u015bli taki czas jest odpowiedni dla danego celu przetwarzania,<\/li>\n<li>przez czas okre\u015blony przepisami prawa,<\/li>\n<li>przez czas niezb\u0119dny do ustalenia, dochodzenia i obrony roszcze\u0144 prawnych.<\/li>\n<\/ul>\n<h3>Czy udost\u0119pniacie moje dane osobowe innym osobom?<\/h3>\n<p>Tylko uprawnione osoby maj\u0105 dost\u0119p do danych osobowych w firmie. Nasz ksi\u0119gowy ma dost\u0119p do niekt\u00f3rych danych osobowych, w szczeg\u00f3lno\u015bci je\u015bli jeste\u015b naszym klientem lub partnerem biznesowym. Mo\u017cemy r\u00f3wnie\u017c przekazywa\u0107 dane osobowe u\u017cytkownika odpowiednim organom administracji pa\u0144stwowej lub organom publicznym. Mo\u017cemy r\u00f3wnie\u017c przekazywa\u0107 dane osobowe naszym przedstawicielom prawnym i innym osobom w celu ochrony naszych praw. Wszyscy ci odbiorcy danych osobowych s\u0105 zobowi\u0105zani do ochrony danych osobowych w taki sam spos\u00f3b, jak my, tj. zgodnie z obowi\u0105zuj\u0105cymi przepisami prawa. Je\u015bli ci odbiorcy przetwarzaj\u0105 dane osobowe jako podmioty przetwarzaj\u0105ce, zawarli\u015bmy z nimi odpowiednie umowy.<\/p>\n<p>W ramach ulepszania i podnoszenia jako\u015bci us\u0142ug oraz ulepszania naszych stron internetowych i sprzeda\u017cy mo\u017cemy korzysta\u0107 z innych narz\u0119dzi, takich jak Google Analytics.<\/p>\n<p>Je\u015bli jeste\u015b u\u017cytkownikiem naszych wirtualnych asystent\u00f3w (chatbot\u00f3w\/voicebot\u00f3w), korzystamy r\u00f3wnie\u017c z innych podmiot\u00f3w przetwarzaj\u0105cych w ramach technicznego \u015bwiadczenia naszych us\u0142ug:<\/p>\n<ul>\n<li>Microsoft<\/li>\n<li>Microsoft Azure Cloud \u2013 w celu dzia\u0142ania Feedyou Platform oraz raportowanie Power BI<\/li>\n<li>Microsoft Cognitive Services &#8211; u\u017cywane w naszych voicebotach do konwersji tekstu na mow\u0119.<\/li>\n<li>Google (Google Cognitive Services) &#8211; u\u017cywane w naszych botach g\u0142osowych do konwersji mowy na tekst.<\/li>\n<li>Linuxbox- dostawca PBX dla naszych rozwi\u0105za\u0144 g\u0142osowych<\/li>\n<li>ZooControl s.r.o. (Go SMS) &#8211; u\u017cywany do wysy\u0142ania wiadomo\u015bci SMS z naszych bot\u00f3w g\u0142osowych i chatbot\u00f3w.<\/li>\n<\/ul>\n<h3>Czy przys\u0142uguj\u0105 mi jakie\u015b prawa w zwi\u0105zku z przetwarzaniem danych osobowych?<\/h3>\n<p>Tak, przys\u0142uguj\u0105 Ci wszystkie prawa wynikaj\u0105ce z przepis\u00f3w prawa, w szczeg\u00f3lno\u015bci te nast\u0119puj\u0105ce:<\/p>\n<ul>\n<li><strong>Prawo dost\u0119pu:<\/strong> Masz mo\u017cliwo\u015b\u0107 za\u017c\u0105dania, aby\u015bmy poinformowali Ci\u0119 o rodzajach Twoich danych osobowych, kt\u00f3e s\u0105 przez nas przetwarzane, a dost\u0119p do takich danych mo\u017ce zosta\u0107 Ci r\u00f3wnie\u017c zapewniony, tj. mo\u017ce zosta\u0107 dostarczona kopia przetwarzanych danych osobowych.<\/li>\n<li><strong>Prawo do sprostowania:<\/strong> U\u017cytkownik mo\u017ce r\u00f3wnie\u017c za\u017c\u0105da\u0107 od nas sprostowania nieprawid\u0142owych lub uzupe\u0142nienia niekompletnych danych osobowych. U\u017cytkownik mo\u017ce r\u00f3wnie\u017c za\u017c\u0105da\u0107 od nas usuni\u0119cia swoich danych osobowych; pod pewnymi warunkami jeste\u015bmy zobowi\u0105zani do usuni\u0119cia takich danych osobowych, jednak nie zawsze, w niekt\u00f3rych przypadkach mo\u017cemy nadal przechowywa\u0107 dane osobowe.<\/li>\n<li><strong>Prawo do ograniczenia przetwarzania:<\/strong> Pod pewnymi warunkami u\u017cytkownik ma r\u00f3wnie\u017c prawo za\u017c\u0105da\u0107 ograniczenia przetwarzania, na przyk\u0142ad gdy kwestionuje dok\u0142adno\u015b\u0107 danych osobowych, a my weryfikujemy ich poprawno\u015b\u0107.<\/li>\n<li><strong>Prawo do przenoszenia danych:<\/strong> W przypadku, gdy u\u017cytkownik chce zmieni\u0107 dostawc\u0119 us\u0142ug lub chce przekaza\u0107 dane osobowe innemu administratorowi danych osobowych, ma prawo, pod pewnymi warunkami, do otrzymania od nas danych w ustrukturyzowanym, powszechnie u\u017cywanym formacie nadaj\u0105cym si\u0119 do odczytu maszynowego.<\/li>\n<li><strong>Prawo do wniesienia skargi do organu nadzorczego:<\/strong> W przypadku podejrzenia, \u017ce podczas przetwarzania danych osobowych u\u017cytkownika naruszamy prawo lub inne obowi\u0105zuj\u0105ce przepisy prawa, u\u017cytkownik ma mo\u017cliwo\u015b\u0107 wniesienia skargi do Urz\u0119du Ochrony Danych Osobowych.<\/li>\n<li><strong>Prawo do niepodlegania zautomatyzowanemu podejmowaniu decyzji, w tym profilowaniu:<\/strong> U\u017cytkownik ma r\u00f3wnie\u017c prawo do niepodlegania zautomatyzowanemu podejmowaniu decyzji, w tym profilowaniu, jednak nasza firma tego nie robi.<\/li>\n<\/ul>\n<p>Opr\u00f3cz powy\u017cszych praw u\u017cytkownik ma r\u00f3wnie\u017c prawo do wniesienia sprzeciwu wobec przetwarzania danych dotycz\u0105cych jego konkretnej sytuacji, na przyk\u0142ad gdy przetwarzamy jego dane osobowe w zwi\u0105zku z naszymi uzasadnionymi interesami.<\/p>\n<h3>Gdzie mog\u0119 uzyska\u0107 wi\u0119cej informacji na temat przetwarzania danych osobowych i przys\u0142uguj\u0105cych mi praw?<\/h3>\n<p>Za pomoc\u0105 niniejszego o\u015bwiadczenia u\u017cytkownik zawsze otrzymuje aktualne informacje na temat przetwarzania jego danych osobowych. Dlatego prosimy o sprawdzenie daty wej\u015bcia w \u017cycie niniejszej Informacji o ochronie prywatno\u015bci na pierwszej stronie.<\/p>\n<p>Je\u015bli powy\u017csze informacje oka\u017c\u0105 si\u0119 niewystarczaj\u0105ce, a u\u017cytkownik b\u0119dzie mia\u0142 dodatkowe pytania dotycz\u0105ce ochrony danych osobowych, firma ch\u0119tnie na nie odpowie. U\u017cytkownik mo\u017ce skontaktowa\u0107 si\u0119 ze sp\u00f3\u0142k\u0105 pod wy\u017cej podanym adresem lub pisz\u0105c na adres e-mail: <a href=\"mailto:gdpr@feedyou.ai\">gdpr@feedyou.ai<\/a><\/p>\n<h3 data-start=\"52\" data-end=\"357\">Obowi\u0105zkowe informacje zgodnie z Rozporz\u0105dzeniem o us\u0142ugach cyfrowych (DSA)<\/h3>\n<p data-start=\"52\" data-end=\"357\">Poni\u017cej przedstawiono uzupe\u0142nienia dotycz\u0105ce przetwarzania danych osobowych oraz przekazania obowi\u0105zkowych informacji zgodnie z Rozporz\u0105dzeniem (UE) 2022\/2065 w sprawie us\u0142ug cyfrowych (Digital Services Act, dalej \u201eDSA\u201d).<\/p>\n<p><strong data-start=\"359\" data-end=\"389\">1. Jednolity punkt kontaktowy<\/strong><\/p>\n<p>Na potrzeby komunikacji z u\u017cytkownikami, organami w\u0142adzy publicznej i innymi uprawnionymi podmiotami zgodnie z artyku\u0142ami 11 i 12 DSA, Feedyou s.r.o. ustanawia nast\u0119puj\u0105cy punkt kontaktowy:<\/p>\n<ul data-start=\"585\" data-end=\"746\">\n<li data-start=\"585\" data-end=\"611\">\n<p data-start=\"587\" data-end=\"611\">E-mail: <a class=\"decorated-link cursor-pointer\" rel=\"noopener\" data-start=\"595\" data-end=\"609\">dsa@feedyou.ai<\/a><\/p>\n<\/li>\n<li data-start=\"612\" data-end=\"641\">\n<p data-start=\"614\" data-end=\"641\">Telefon: +420 602 294 623<\/p>\n<\/li>\n<li data-start=\"642\" data-end=\"660\">\n<p data-start=\"644\" data-end=\"660\">ID DS: ddnhf85<\/p>\n<\/li>\n<li data-start=\"661\" data-end=\"746\">\n<p data-start=\"663\" data-end=\"746\">Adres pocztowy: Feedyou s.r.o., Sta\u0148kova 1322, 530 03 Pardubice, Republika Czeska<\/p>\n<\/li>\n<\/ul>\n<p data-start=\"748\" data-end=\"1305\"><strong data-start=\"748\" data-end=\"780\">2. Moderacja tre\u015bci i algorytmy<\/strong><\/p>\n<p data-start=\"748\" data-end=\"1305\">Feedyou s.r.o. korzysta z w\u0142asnej platformy AI do obs\u0142ugi zautomatyzowanych agent\u00f3w konwersacyjnych.<\/p>\n<ul>\n<li data-start=\"748\" data-end=\"1305\">Moderacja tre\u015bci u\u017cytkownik\u00f3w odbywa si\u0119 g\u0142\u00f3wnie poprzez automatyczne filtry (np. nieodpowiedni j\u0119zyk, spam).<\/li>\n<li data-start=\"748\" data-end=\"1305\">Ostateczna ocena mo\u017ce by\u0107 dokonana r\u00f3wnie\u017c w drodze przegl\u0105du dokonanego przez cz\u0142owieka.<\/li>\n<li data-start=\"748\" data-end=\"1305\">Algorytmy system\u00f3w rekomendacyjnych opieraj\u0105 si\u0119 na zasadach okre\u015blonych przez klienta oraz na uczeniu maszynowym. Algorytmy te nie s\u0142u\u017c\u0105 manipulowaniu zachowaniem u\u017cytkownika i nie zawieraj\u0105 tzw. \u201edark patterns\u201d.<\/li>\n<\/ul>\n<p data-start=\"1307\" data-end=\"1501\"><strong data-start=\"1307\" data-end=\"1338\">3. Mechanizm \u201eNotice &amp; Action\u201d<\/strong><\/p>\n<p data-start=\"1307\" data-end=\"1501\">Je\u015bli u\u017cytkownik stwierdzi, \u017ce tre\u015b\u0107 przetwarzana lub udost\u0119pniana za po\u015brednictwem us\u0142ug Feedyou jest nielegalna, mo\u017ce zg\u0142osi\u0107 to:<\/p>\n<ul>\n<li data-start=\"1307\" data-end=\"1501\">E-mail: <a class=\"decorated-link cursor-pointer\" rel=\"noopener\" data-start=\"1483\" data-end=\"1499\">abuse@feedyou.ai<\/a><\/li>\n<\/ul>\n<p data-start=\"1503\" data-end=\"1812\"><strong data-start=\"1503\" data-end=\"1530\">4. Wewn\u0119trzny system skarg<\/strong><\/p>\n<p data-start=\"1503\" data-end=\"1812\">U\u017cytkownik mo\u017ce wnie\u015b\u0107 skarg\u0119 na decyzj\u0119 dotycz\u0105c\u0105 moderacji tre\u015bci w terminie 6 miesi\u0119cy od dor\u0119czenia decyzji.<\/p>\n<ul>\n<li data-start=\"1503\" data-end=\"1812\">Skarg\u0119 mo\u017cna z\u0142o\u017cy\u0107 za po\u015brednictwem e-maila: <a class=\"decorated-link cursor-pointer\" rel=\"noopener\" data-start=\"1694\" data-end=\"1715\">complaints@feedyou.ai<\/a><\/li>\n<li data-start=\"1503\" data-end=\"1812\">Feedyou rozpatrzy decyzj\u0119 w ci\u0105gu 30 dni i prze\u015ble u\u017cytkownikowi wynik wraz z uzasadnieniem.<\/li>\n<\/ul>\n<p data-start=\"1814\" data-end=\"2090\"><strong data-start=\"1814\" data-end=\"1849\">5. Pozas\u0105dowe rozwi\u0105zywanie spor\u00f3w<\/strong><\/p>\n<p data-start=\"1814\" data-end=\"2090\">Je\u015bli u\u017cytkownik nie zgadza si\u0119 z wynikiem wewn\u0119trznego systemu skarg, ma mo\u017cliwo\u015b\u0107 skorzystania z pozas\u0105dowego rozstrzygania spor\u00f3w u podmiot\u00f3w uznanych zgodnie z artyku\u0142em 21 DSA. Feedyou s.r.o. b\u0119dzie wsp\u00f3\u0142pracowa\u0107 z tymi podmiotami.<\/p>\n<p data-start=\"2092\" data-end=\"2400\"><strong data-start=\"2092\" data-end=\"2115\">6. Ochrona ma\u0142oletnich<\/strong><\/p>\n<p data-start=\"2092\" data-end=\"2400\">W przypadku, gdy z us\u0142ug Feedyou korzystaj\u0105 osoby ma\u0142oletnie, zapewniamy, aby warunki korzystania oraz zasady ochrony by\u0142y wyja\u015bniane w spos\u00f3b zrozumia\u0142y, prostym j\u0119zykiem i w formie wizualnej.<\/p>\n<p data-start=\"2092\" data-end=\"2400\">Reklama skierowana do ma\u0142oletnich nie jest wspierana za po\u015brednictwem naszych us\u0142ug.<\/p>\n<p data-start=\"2402\" data-end=\"2625\"><strong data-start=\"2402\" data-end=\"2442\">7. Wsp\u00f3\u0142praca z zaufanymi zg\u0142aszaj\u0105cymi<\/strong><\/p>\n<p data-start=\"2402\" data-end=\"2625\">Feedyou wsp\u00f3\u0142pracuje z tzw. \u201etrusted flaggers\u201d, kt\u00f3rzy posiadaj\u0105 specjalne uprawnienia do zg\u0142aszania tre\u015bci nielegalnych. Takie zg\u0142oszenia s\u0105 rozpatrywane w pierwszej kolejno\u015bci.<\/p>\n<p data-start=\"2627\" data-end=\"2858\"><strong data-start=\"2627\" data-end=\"2652\">8. Zakaz \u201edark patterns\u201d<\/strong><\/p>\n<p data-start=\"2627\" data-end=\"2858\">Feedyou wyra\u017anie o\u015bwiadcza, \u017ce w swoich platformach i produktach nie stosuje manipulacyjnych projekt\u00f3w interfejsu, kt\u00f3re mog\u0142yby wprowadza\u0107 u\u017cytkownik\u00f3w w b\u0142\u0105d lub zmusza\u0107 ich do niepo\u017c\u0105danych wybor\u00f3w.<\/p>\n<p>Mo\u017cna r\u00f3wnie\u017c skontaktowa\u0107 si\u0119 z inspektorem ochrony danych osobowych, korzystaj\u0105c z poni\u017cszych danych kontaktowych:<\/p>\n<p>Inspektor ochrony danych osobowych<br \/>\n<strong>JUDr. Ing. Jaroslav \u0160vamberk<\/strong><br \/>\n<a href=\"mailto:svamberk@poverenec.info\">svamberk@poverenec.info<\/a>[\/vc_column_text][\/vc_column][vc_column width=&#8221;1\/6&#8243;][\/vc_column][\/vc_row][vc_row][vc_column][vc_empty_space height=&#8221;45px&#8221;][\/vc_column][\/vc_row][\/vc_section][vc_section disable_element=&#8221;yes&#8221; el_class=&#8221;vc_section-fullwidth section-padding_80 section-bg_purple&#8221;][vc_row][vc_column width=&#8221;1\/2&#8243;][vc_column_text]<\/p>\n<h1><span class=\"h-filson\">Let\u2019s create <\/span><span class=\"h-dashiell\">something great together<\/span><\/h1>\n<p>[\/vc_column_text][vc_column_text el_class=&#8221;hero-section_p&#8221;]Whether you\u2019re interested in a&nbsp;custom solution, keys to our Feedyou Platform, or would like to partner with us, we\u2019d be happy to sit down with you over coffee and discuss everything.[\/vc_column_text][vc_btn title=&#8221;Let&#8217;s talk!&#8221; el_class=&#8221;btn_primary_yellow&#8221; link=&#8221;url:https%3A%2F%2Fcal.com%2Fvojtech-dlouhy%2F30min|&#8221;][\/vc_column][vc_column width=&#8221;1\/2&#8243;][vc_single_image image=&#8221;29248&#8243; img_size=&#8221;full&#8221; el_class=&#8221;section-big-image&#8221;][\/vc_column][\/vc_row][\/vc_section]<\/p>\n<\/div>","protected":false},"excerpt":{"rendered":"<p>[vc_section el_class=&#8221;vc_section-fullwidth&#8221;][vc_row][vc_column][vc_empty_space height=&#8221;60px&#8221;][\/vc_column][\/vc_row][vc_row][vc_column width=&#8221;1\/6&#8243; offset=&#8221;vc_hidden-xs&#8221;][\/vc_column][vc_column width=&#8221;2\/3&#8243;][vc_column_text css_animation=&#8221;none&#8221;] Polityka Prywatno\u015bci [\/vc_column_text][vc_column_text el_class=&#8221;hero-section_p&#8221;] Data wej\u015bcia w&nbsp;\u017cycie: 01.03.2021 [\/vc_column_text][\/vc_column][vc_column width=&#8221;1\/6&#8243;][\/vc_column][\/vc_row][\/vc_section][vc_section el_class=&#8221;vc_section-fullwidth calc-section cf7-lead-white&#8221;][vc_row][vc_column width=&#8221;1\/6&#8243;][\/vc_column][vc_column width=&#8221;2\/3&#8243;][vc_column_text css=&#8221;&#8221;]Sp\u00f3\u0142ka Feedyou s.r.o., nr rej. 029 27 438, z siedzib\u0105 pod adresem Sta\u0148kova 1322, 530 02 Pardubice, zarejestrowana w Rejestrze Handlowym prowadzonym przez S\u0105d Okr\u0119gowy w Hradec Kr\u00e1lov\u00e9, sekcja C, plik 33539 (zwana <\/p>\n<p><a class=\"btn btn-secondary understrap-read-more-link\" href=\"https:\/\/feedyou.ai\/pl\/polityka-prywatnosci\/\">Czytaj dalej\u2026<\/a><\/p>\n","protected":false},"author":20,"featured_media":0,"parent":0,"menu_order":73,"comment_status":"closed","ping_status":"closed","template":"page-templates\/fullwidthpage.php","meta":{"_acf_changed":false,"inline_featured_image":false,"h5ap_radio_sources":[],"footnotes":""},"class_list":["post-32085","page","type-page","status-publish","hentry"],"acf":[],"_links":{"self":[{"href":"https:\/\/feedyou.ai\/pl\/wp-json\/wp\/v2\/pages\/32085","targetHints":{"allow":["GET"]}}],"collection":[{"href":"https:\/\/feedyou.ai\/pl\/wp-json\/wp\/v2\/pages"}],"about":[{"href":"https:\/\/feedyou.ai\/pl\/wp-json\/wp\/v2\/types\/page"}],"author":[{"embeddable":true,"href":"https:\/\/feedyou.ai\/pl\/wp-json\/wp\/v2\/users\/20"}],"replies":[{"embeddable":true,"href":"https:\/\/feedyou.ai\/pl\/wp-json\/wp\/v2\/comments?post=32085"}],"version-history":[{"count":3,"href":"https:\/\/feedyou.ai\/pl\/wp-json\/wp\/v2\/pages\/32085\/revisions"}],"predecessor-version":[{"id":54387,"href":"https:\/\/feedyou.ai\/pl\/wp-json\/wp\/v2\/pages\/32085\/revisions\/54387"}],"wp:attachment":[{"href":"https:\/\/feedyou.ai\/pl\/wp-json\/wp\/v2\/media?parent=32085"}],"curies":[{"name":"wp","href":"https:\/\/api.w.org\/{rel}","templated":true}]}}