{"id":32170,"date":"2023-08-01T13:30:28","date_gmt":"2023-08-01T11:30:28","guid":{"rendered":"https:\/\/feedyou.ai\/najnowsze-wiadomosci-ze-swiata-feedyou-feedyou\/"},"modified":"2025-03-29T18:44:40","modified_gmt":"2025-03-29T17:44:40","slug":"blog","status":"publish","type":"page","link":"https:\/\/feedyou.ai\/pl\/blog\/","title":{"rendered":"Najnowsze wiadomo\u015bci ze \u015bwiata Feedyou | Feedyou"},"content":{"rendered":"<div class=\"wpb-content-wrapper\"><p>[vc_section el_class=&#8221;vc_section-fullwidth section-padding&#8221;][vc_row][vc_column width=&#8221;1\/6&#8243; offset=&#8221;vc_hidden-xs&#8221;][\/vc_column][vc_column width=&#8221;2\/3&#8243;][vc_column_text css_animation=&#8221;none&#8221;]<\/p>\n<h1 style=\"text-align: center;\"><span class=\"h-dashiell\">Najnowsze informacje <\/span><span class=\"h-filson\">z Feedyou<\/span><\/h1>\n<p>[\/vc_column_text][vc_column_text el_class=&#8221;hero-section_p&#8221;]<\/p>\n<p style=\"text-align: center;\">B\u0105d\u017a na bie\u017c\u0105co z&nbsp;najnowszymi informacjami ze \u015bwiata zautomatyzowanej komunikacji i&nbsp;od naszego zespo\u0142u.<\/p>\n<p>[\/vc_column_text][\/vc_column][vc_column width=&#8221;1\/6&#8243;][vc_single_image image=&#8221;28980&#8243; img_size=&#8221;full&#8221; el_class=&#8221;fy-emoji&#8221;][\/vc_column][\/vc_row][\/vc_section][vc_section el_class=&#8221;vc_section-fullwidth blog-post-image blog-post-row&#8221;][vc_row disable_element=&#8221;yes&#8221;][vc_column width=&#8221;1\/3&#8243;][vc_single_image image=&#8221;31348&#8243; img_size=&#8221;full&#8221; onclick=&#8221;custom_link&#8221; link=&#8221;https:\/\/feedyou.ai\/pl\/blog\/wirtualni-asystenci-integracje\/&#8221;][vc_column_text el_class=&#8221;blog-post-title&#8221;]<\/p>\n<h3><a href=\"https:\/\/feedyou.ai\/pl\/blog\/wirtualni-asystenci-integracje\/\">Inteligentniejsi wirtualni asystenci dzi\u0119ki integracjom<\/a><\/h3>\n<p>[\/vc_column_text][vc_column_text el_class=&#8221;blog-post-text&#8221;]<a href=\"https:\/\/feedyou.ai\/pl\/blog\/wirtualni-asystenci-integracje\/\">Z \u0142atwo\u015bci\u0105 po\u0142\u0105cz naszych wirtualnych asystent\u00f3w ze swoimi kana\u0142ami komunikacji oraz systemami wewn\u0119trznymi i zobacz, co mog\u0105 dla Ciebie zrobi\u0107.<\/a>[\/vc_column_text][\/vc_column][vc_column width=&#8221;1\/3&#8243;][vc_single_image image=&#8221;31201&#8243; img_size=&#8221;full&#8221; onclick=&#8221;custom_link&#8221; link=&#8221;https:\/\/feedyou.ai\/pl\/blog\/zostaw-rutynowe-czynnosci-ai\/&#8221;][vc_column_text el_class=&#8221;blog-post-title&#8221;]<\/p>\n<h3><a href=\"https:\/\/feedyou.ai\/pl\/blog\/zostaw-rutynowe-czynnosci-ai\/\">Zostaw rutynowe czynno\u015bci sztucznej inteligencji<\/a><\/h3>\n<p>[\/vc_column_text][vc_column_text el_class=&#8221;blog-post-text&#8221;]<a href=\"https:\/\/feedyou.ai\/pl\/blog\/zostaw-rutynowe-czynnosci-ai\/\">Lepsza i szybsza komunikacja? Na czacie, przez telefon, a nawet przez e-mail, Feedyou pomaga odpowiedzie\u0107 na setki pyta\u0144 24\/7.<\/a>[\/vc_column_text][\/vc_column][vc_column width=&#8221;1\/3&#8243;][vc_single_image image=&#8221;31177&#8243; img_size=&#8221;full&#8221; onclick=&#8221;custom_link&#8221; link=&#8221;https:\/\/feedyou.ai\/pl\/blog\/ulepszanie-konwersacyjnej-ai-za-pomoca-gpt\/&#8221;][vc_column_text el_class=&#8221;blog-post-title&#8221;]<\/p>\n<h3><a href=\"https:\/\/feedyou.ai\/pl\/blog\/ulepszanie-konwersacyjnej-ai-za-pomoca-gpt\/\">Ulepszanie konwersacyjnej AI za pomoc\u0105 GPT<\/a><\/h3>\n<p>[\/vc_column_text][vc_column_text el_class=&#8221;blog-post-text&#8221;]<a href=\"https:\/\/feedyou.ai\/pl\/blog\/ulepszanie-konwersacyjnej-ai-za-pomoca-gpt\/\">Czy ChatGPT jest naprawd\u0119 tak pot\u0119\u017cnym narz\u0119dziem? Mo\u017ce po prostu nie jest dla ka\u017cdego. Czym r\u00f3\u017cni si\u0119 od Conversational AI i jak go u\u017cywamy?<\/a>[\/vc_column_text][\/vc_column][\/vc_row][vc_row disable_element=&#8221;yes&#8221;][vc_column width=&#8221;1\/3&#8243;][vc_single_image image=&#8221;30300&#8243; img_size=&#8221;full&#8221; onclick=&#8221;custom_link&#8221; link=&#8221;https:\/\/feedyou.ai\/pl\/blog\/wkrocz-w-swiat-voicebotow\/&#8221;][vc_column_text el_class=&#8221;blog-post-title&#8221;]<\/p>\n<h3><a href=\"https:\/\/feedyou.ai\/pl\/blog\/wkrocz-w-swiat-voicebotow\/\">Wkrocz w \u015bwiat voicebot\u00f3w<\/a><\/h3>\n<p>[\/vc_column_text][vc_column_text el_class=&#8221;blog-post-text&#8221;]<a href=\"https:\/\/feedyou.ai\/pl\/blog\/wkrocz-w-swiat-voicebotow\/\">Bardziej wydajna praca? Zdecydowanie tak! Dzi\u0119ki automatyzacji za pomoc\u0105 inteligentnych asystent\u00f3w g\u0142osowych \u2013 voicebot\u00f3w.<\/a>[\/vc_column_text][\/vc_column][vc_column width=&#8221;1\/3&#8243;][vc_single_image image=&#8221;30342&#8243; img_size=&#8221;full&#8221; onclick=&#8221;custom_link&#8221; link=&#8221;https:\/\/feedyou.ai\/pl\/blog\/dlaczego-chatgpt\/&#8221;][vc_column_text el_class=&#8221;blog-post-title&#8221;]<\/p>\n<h3><a href=\"https:\/\/feedyou.ai\/pl\/blog\/dlaczego-chatgpt\/\">Dlaczego wszyscy rozmawiaj\u0105 o ChatGPT?<\/a><\/h3>\n<p>[\/vc_column_text][vc_column_text el_class=&#8221;blog-post-text&#8221;]<a href=\"https:\/\/feedyou.ai\/pl\/blog\/dlaczego-chatgpt\/\">Koniec chatbot\u00f3w? Nie do ko\u0144ca. Przysz\u0142o\u015b\u0107 zautomatyzowanej komunikacji? Zdecydowanie tak. Jak korzystamy z ChatGPT?<\/a>[\/vc_column_text][\/vc_column][vc_column width=&#8221;1\/3&#8243;][vc_single_image image=&#8221;29436&#8243; img_size=&#8221;full&#8221; onclick=&#8221;custom_link&#8221; link=&#8221;https:\/\/feedyou.ai\/pl\/blog\/zostalismy-microsoft-top-tier-partner\/&#8221;][vc_column_text el_class=&#8221;blog-post-title&#8221;]<\/p>\n<h3><a href=\"https:\/\/feedyou.ai\/pl\/blog\/zostalismy-microsoft-top-tier-partner\/\" rel=\"noopener\">Zostali\u015bmy Microsoft Top Tier Partner<\/a><\/h3>\n<p>[\/vc_column_text][vc_column_text el_class=&#8221;blog-post-text&#8221;]<a href=\"https:\/\/feedyou.ai\/pl\/blog\/zostalismy-microsoft-top-tier-partner\/\">Jeste\u015bmy pierwszym startupem w&nbsp;Europie \u015arodkowo-Wschodniej, kt\u00f3ry otrzyma\u0142 najwy\u017cszy status partnerstwa Microsoft.<\/a>[\/vc_column_text][\/vc_column][\/vc_row][vc_row disable_element=&#8221;yes&#8221;][vc_column width=&#8221;1\/3&#8243;][vc_single_image image=&#8221;29157&#8243; img_size=&#8221;full&#8221; onclick=&#8221;custom_link&#8221; link=&#8221;https:\/\/feedyou.ai\/pl\/blog\/iea-2022-skoda-auto\/&#8221;][vc_column_text el_class=&#8221;blog-post-title&#8221;]<\/p>\n<h3><a href=\"https:\/\/feedyou.ai\/pl\/blog\/iea-2022-skoda-auto\/\">Drugie miejsce na IEA 2022 z naszym chatbotem SKODA AUTO<\/a><\/h3>\n<p>[\/vc_column_text][vc_column_text el_class=&#8221;blog-post-text&#8221;]<a href=\"https:\/\/feedyou.ai\/pl\/blog\/iea-2022-skoda-auto\/\">Razem ze SKODA AUTO przywie\u017ali\u015bmy do domu nagrod\u0119 za drugie miejsce w konkursie Internet Effectiveness Awards 2022 w kategorii motoryzacja, us\u0142ugi komunikacyjne i logistyka.<\/a>[\/vc_column_text][\/vc_column][vc_column width=&#8221;1\/3&#8243;][vc_single_image image=&#8221;28627&#8243; img_size=&#8221;full&#8221; onclick=&#8221;custom_link&#8221; link=&#8221;https:\/\/feedyou.ai\/pl\/blog\/wirtualni-wspolpracownicy\/&#8221;][vc_column_text el_class=&#8221;blog-post-title&#8221;]<\/p>\n<h3><a href=\"https:\/\/feedyou.ai\/pl\/blog\/wirtualni-wspolpracownicy\/\">Wirtualny wsp\u00f3\u0142pracownik dla ca\u0142ej \u015bcie\u017cki rozwoju pracownika<\/a><\/h3>\n<p>[\/vc_column_text][vc_column_text el_class=&#8221;blog-post-text&#8221;]<a href=\"https:\/\/feedyou.ai\/pl\/blog\/wirtualni-wspolpracownicy\/\">Chatboty i voiceboty zabieraj\u0105 wiele pracy i formalno\u015bci, pozwalaj\u0105c HR skupi\u0107 si\u0119 na pracy z lud\u017ami.<\/a>[\/vc_column_text][\/vc_column][vc_column width=&#8221;1\/3&#8243;][vc_single_image image=&#8221;28427&#8243; img_size=&#8221;full&#8221; onclick=&#8221;custom_link&#8221; link=&#8221;https:\/\/feedyou.ai\/pl\/blog\/ipex-feedyou-omnichannel\/&#8221;][vc_column_text el_class=&#8221;blog-post-title&#8221;]<\/p>\n<h3><a href=\"https:\/\/feedyou.ai\/pl\/blog\/ipex-feedyou-omnichannel\/\">IPEX &amp; Feedyou: Eksperci na omnichannel<\/a><\/h3>\n<p>[\/vc_column_text][vc_column_text el_class=&#8221;blog-post-text&#8221;]<a href=\"https:\/\/feedyou.ai\/pl\/blog\/ipex-feedyou-omnichannel\/\">Wsp\u00f3\u0142pracujemy z najlepszymi w bran\u017cy, w tym z IPEX \u2013 jednym z najwi\u0119kszych dostawc\u00f3w contact center w Czechach.<\/a>[\/vc_column_text][\/vc_column][\/vc_row][vc_row disable_element=&#8221;yes&#8221;][vc_column width=&#8221;1\/3&#8243;][vc_single_image image=&#8221;28345&#8243; img_size=&#8221;full&#8221; onclick=&#8221;custom_link&#8221; link=&#8221;https:\/\/feedyou.ai\/pl\/blog\/zostaw-papierkowa-robote-wirtualnym-asystentom\/&#8221;][vc_column_text el_class=&#8221;blog-post-title&#8221;]<\/p>\n<h3><a href=\"https:\/\/feedyou.ai\/pl\/blog\/zostaw-papierkowa-robote-wirtualnym-asystentom\/\">Zostaw papierkow\u0105 robot\u0119 wirtualnym asystentom<\/a><\/h3>\n<p>[\/vc_column_text][vc_column_text el_class=&#8221;blog-post-text&#8221;]<a href=\"https:\/\/feedyou.ai\/pl\/blog\/zostaw-papierkowa-robote-wirtualnym-asystentom\/\">Chatboty i voiceboty s\u0105 w stanie zaj\u0105\u0107 si\u0119 tak du\u017c\u0105 ilo\u015bci\u0105 pracy, \u017ce dzia\u0142 HR mo\u017ce ponownie skupi\u0107 si\u0119 na wa\u017cniejszej pracy \u2013 bezpo\u015brednio z lud\u017ami.<\/a>[\/vc_column_text][\/vc_column][vc_column width=&#8221;1\/3&#8243;][vc_single_image image=&#8221;28351&#8243; img_size=&#8221;full&#8221; onclick=&#8221;custom_link&#8221; link=&#8221;https:\/\/feedyou.ai\/pl\/blog\/chatboty-mowiace-wszystkimi-jezykami\/&#8221;][vc_column_text el_class=&#8221;blog-post-title&#8221;]<\/p>\n<h3><a href=\"https:\/\/feedyou.ai\/pl\/blog\/chatboty-mowiace-wszystkimi-jezykami\/\">Chatboty m\u00f3wi\u0105ce wszystkimi j\u0119zykami<\/a><\/h3>\n<p>[\/vc_column_text][vc_column_text el_class=&#8221;blog-post-text&#8221;]<a href=\"https:\/\/feedyou.ai\/pl\/blog\/chatboty-mowiace-wszystkimi-jezykami\/\">Hello, hola, bonjour! Dzi\u0119ki Feedyou Tw\u00f3j wirtualny asystent mo\u017ce m\u00f3wi\u0107 w dowolnej liczbie j\u0119zyk\u00f3w. Nawet jednocze\u015bnie.<\/a>[\/vc_column_text][\/vc_column][vc_column width=&#8221;1\/3&#8243;][vc_single_image image=&#8221;28354&#8243; img_size=&#8221;full&#8221; onclick=&#8221;custom_link&#8221; link=&#8221;https:\/\/feedyou.ai\/pl\/blog\/zywi-konsultanci-czy-chatboty\/&#8221;][vc_column_text el_class=&#8221;blog-post-title&#8221;]<\/p>\n<h3><a href=\"https:\/\/feedyou.ai\/pl\/blog\/zywi-konsultanci-czy-chatboty\/\">Co jest lepsze: \u017cywi konsultanci czy chatboty?<\/a><\/h3>\n<p>[\/vc_column_text][vc_column_text el_class=&#8221;blog-post-text&#8221;]<a href=\"https:\/\/feedyou.ai\/pl\/blog\/zywi-konsultanci-czy-chatboty\/\">Wysoka jako\u015b\u0107 komunikacji z klientami, a jednocze\u015bnie zadowolenie konsultant\u00f3w, kt\u00f3rych nie przyt\u0142aczaj\u0105 powtarzaj\u0105ce si\u0119 pytania? To proste z pomoc\u0105 chatbota!<\/a>[\/vc_column_text][\/vc_column][\/vc_row][vc_row disable_element=&#8221;yes&#8221;][vc_column width=&#8221;1\/3&#8243;][vc_single_image image=&#8221;28369&#8243; img_size=&#8221;1500&#215;669&#8243; onclick=&#8221;custom_link&#8221; link=&#8221;https:\/\/feedyou.ai\/pl\/blog\/microsoft-ip-co-sell-ready-partner\/&#8221;][vc_column_text el_class=&#8221;blog-post-title&#8221;]<\/p>\n<h3><a href=\"https:\/\/feedyou.ai\/pl\/blog\/microsoft-ip-co-sell-ready-partner\/\">Zostali\u015bmy partnerem Microsoft IP Co-Sell Ready<\/a><\/h3>\n<p>[\/vc_column_text][vc_column_text el_class=&#8221;blog-post-text&#8221;]<a href=\"https:\/\/feedyou.ai\/pl\/blog\/microsoft-ip-co-sell-ready-partner\/\">Korzy\u015bci premium, wsparcie i dost\u0119p do najnowszych innowacji Microsoft dla nas, naszych klient\u00f3w i partner\u00f3w.<\/a>[\/vc_column_text][\/vc_column][vc_column width=&#8221;1\/3&#8243;][vc_single_image image=&#8221;27185&#8243; img_size=&#8221;1500&#215;669&#8243; onclick=&#8221;custom_link&#8221; link=&#8221;https:\/\/feedyou.ai\/pl\/blog\/chatbot-i-google-sheets-potezny-duet\/&#8221;][vc_column_text el_class=&#8221;blog-post-title&#8221;]<\/p>\n<h3><a href=\"https:\/\/feedyou.ai\/pl\/blog\/chatbot-i-google-sheets-potezny-duet\/\">Chatbot i Google Sheets: Pot\u0119\u017cny duet<\/a><\/h3>\n<p>[\/vc_column_text][vc_column_text el_class=&#8221;blog-post-text&#8221;]<a href=\"https:\/\/feedyou.ai\/pl\/blog\/chatbot-i-google-sheets-potezny-duet\/\">Symbioza arkuszy kalkulacyjnych Excel i struktur komunikacyjnych chatbota. Dlaczego stanowi\u0105 idealn\u0105 par\u0119 i jak to po\u0142\u0105czenie mo\u017ce pom\u00f3c Tobie?<\/a>[\/vc_column_text][\/vc_column][vc_column width=&#8221;1\/3&#8243;][vc_single_image image=&#8221;28384&#8243; img_size=&#8221;1500&#215;669&#8243; onclick=&#8221;custom_link&#8221; link=&#8221;https:\/\/feedyou.ai\/pl\/blog\/polaczenie-sil-z-daktela\/&#8221;][vc_column_text el_class=&#8221;blog-post-title&#8221;]<\/p>\n<h3><a href=\"https:\/\/feedyou.ai\/pl\/blog\/polaczenie-sil-z-daktela\/\">Po\u0142\u0105czenie si\u0142<br \/>\nz Daktel\u0105<\/a><\/h3>\n<p>[\/vc_column_text][vc_column_text el_class=&#8221;blog-post-text&#8221;]<a href=\"https:\/\/feedyou.ai\/pl\/blog\/polaczenie-sil-z-daktela\/\">\u0141\u0105czymy si\u0142y z Daktela, aby zintegrowa\u0107 wirtualnych asystent\u00f3w Feedyou z rozwi\u0105zaniami contact center.<\/a>[\/vc_column_text][\/vc_column][\/vc_row][\/vc_section][vc_row][vc_column][vc_basic_grid post_type=&#8221;post&#8221; max_items=&#8221;-1&#8243; style=&#8221;pagination&#8221; items_per_page=&#8221;9&#8243; arrows_design=&#8221;vc_arrow-icon-arrow_04_left&#8221; arrows_color=&#8221;grey&#8221; paging_design=&#8221;pagination_square_dark&#8221; initial_loading_animation=&#8221;none&#8221; grid_id=&#8221;vc_gid:1743268557413-a17dbb72109b09ae681979dbc223de07-10&#8243; el_class=&#8221;latest-posts&#8221; taxonomies=&#8221;32&#8243;][\/vc_column][\/vc_row]<\/p>\n<\/div>","protected":false},"excerpt":{"rendered":"<p>[vc_section el_class=&#8221;vc_section-fullwidth section-padding&#8221;][vc_row][vc_column width=&#8221;1\/6&#8243; offset=&#8221;vc_hidden-xs&#8221;][\/vc_column][vc_column width=&#8221;2\/3&#8243;][vc_column_text css_animation=&#8221;none&#8221;] Najnowsze informacje z Feedyou [\/vc_column_text][vc_column_text el_class=&#8221;hero-section_p&#8221;] B\u0105d\u017a na bie\u017c\u0105co z&nbsp;najnowszymi informacjami ze \u015bwiata zautomatyzowanej komunikacji i&nbsp;od naszego zespo\u0142u. [\/vc_column_text][\/vc_column][vc_column width=&#8221;1\/6&#8243;][vc_single_image image=&#8221;28980&#8243; img_size=&#8221;full&#8221; el_class=&#8221;fy-emoji&#8221;][\/vc_column][\/vc_row][\/vc_section][vc_section el_class=&#8221;vc_section-fullwidth blog-post-image blog-post-row&#8221;][vc_row disable_element=&#8221;yes&#8221;][vc_column width=&#8221;1\/3&#8243;][vc_single_image image=&#8221;31348&#8243; img_size=&#8221;full&#8221; onclick=&#8221;custom_link&#8221; link=&#8221;https:\/\/feedyou.ai\/pl\/blog\/wirtualni-asystenci-integracje\/&#8221;][vc_column_text el_class=&#8221;blog-post-title&#8221;] Inteligentniejsi wirtualni asystenci dzi\u0119ki integracjom [\/vc_column_text][vc_column_text el_class=&#8221;blog-post-text&#8221;]Z \u0142atwo\u015bci\u0105 po\u0142\u0105cz naszych wirtualnych asystent\u00f3w ze swoimi kana\u0142ami <\/p>\n<p><a class=\"btn btn-secondary understrap-read-more-link\" href=\"https:\/\/feedyou.ai\/pl\/blog\/\">Czytaj dalej\u2026<\/a><\/p>\n","protected":false},"author":20,"featured_media":0,"parent":0,"menu_order":73,"comment_status":"closed","ping_status":"closed","template":"page-templates\/fullwidthpage.php","meta":{"_acf_changed":false,"inline_featured_image":false,"h5ap_radio_sources":[],"footnotes":""},"class_list":["post-32170","page","type-page","status-publish","hentry"],"acf":[],"_links":{"self":[{"href":"https:\/\/feedyou.ai\/pl\/wp-json\/wp\/v2\/pages\/32170","targetHints":{"allow":["GET"]}}],"collection":[{"href":"https:\/\/feedyou.ai\/pl\/wp-json\/wp\/v2\/pages"}],"about":[{"href":"https:\/\/feedyou.ai\/pl\/wp-json\/wp\/v2\/types\/page"}],"author":[{"embeddable":true,"href":"https:\/\/feedyou.ai\/pl\/wp-json\/wp\/v2\/users\/20"}],"replies":[{"embeddable":true,"href":"https:\/\/feedyou.ai\/pl\/wp-json\/wp\/v2\/comments?post=32170"}],"version-history":[{"count":0,"href":"https:\/\/feedyou.ai\/pl\/wp-json\/wp\/v2\/pages\/32170\/revisions"}],"wp:attachment":[{"href":"https:\/\/feedyou.ai\/pl\/wp-json\/wp\/v2\/media?parent=32170"}],"curies":[{"name":"wp","href":"https:\/\/api.w.org\/{rel}","templated":true}]}}